{"id":889,"date":"2022-07-22T20:38:30","date_gmt":"2022-07-22T20:38:30","guid":{"rendered":"https:\/\/www.mikrotrgovina.hr\/?post_type=product&#038;p=889"},"modified":"2025-03-26T19:05:46","modified_gmt":"2025-03-26T19:05:46","slug":"kutija-za-torte-i-kolace-no5-4","status":"publish","type":"product","link":"https:\/\/www.mikrotrgovina.hr\/en\/proizvodi\/kutija-za-torte-i-kolace-no5-4\/","title":{"rendered":"KUTIJA za TORTE i KOLA\u010cE No5 45,5x30x12 m 1\/1 bijela"},"content":{"rendered":"<p>KUTIJA ZA TORTE i KOLA\u010cE No5 45,5x30x12 cm<br \/>\nProizvod je u skladu s va\u017ee\u0107im standardima koji se odnose na izravan kontakt s hranom <\/p>","protected":false},"excerpt":{"rendered":"<p>KUTIJA ZA TORTE i KOLA\u010cE No5 45,5x30x12 cm Proizvod je u skladu s va\u017ee\u0107im standardima koji se odnose na izravan kontakt s hranom<\/p>","protected":false},"featured_media":792,"comment_status":"open","ping_status":"closed","template":"","meta":{"_sitemap_exclude":false,"_sitemap_priority":"","_sitemap_frequency":""},"product_brand":[],"product_cat":[19,15],"product_tag":[],"class_list":{"0":"post-889","1":"product","2":"type-product","3":"status-publish","4":"has-post-thumbnail","6":"product_cat-ambalaza-za-torte-i-kolace","7":"product_cat-ambalaza-za-hranu-horeca","9":"first","10":"instock","11":"taxable","12":"shipping-taxable","13":"purchasable","14":"product-type-simple"},"_links":{"self":[{"href":"https:\/\/www.mikrotrgovina.hr\/en\/wp-json\/wp\/v2\/product\/889","targetHints":{"allow":["GET"]}}],"collection":[{"href":"https:\/\/www.mikrotrgovina.hr\/en\/wp-json\/wp\/v2\/product"}],"about":[{"href":"https:\/\/www.mikrotrgovina.hr\/en\/wp-json\/wp\/v2\/types\/product"}],"replies":[{"embeddable":true,"href":"https:\/\/www.mikrotrgovina.hr\/en\/wp-json\/wp\/v2\/comments?post=889"}],"wp:featuredmedia":[{"embeddable":true,"href":"https:\/\/www.mikrotrgovina.hr\/en\/wp-json\/wp\/v2\/media\/792"}],"wp:attachment":[{"href":"https:\/\/www.mikrotrgovina.hr\/en\/wp-json\/wp\/v2\/media?parent=889"}],"wp:term":[{"taxonomy":"product_brand","embeddable":true,"href":"https:\/\/www.mikrotrgovina.hr\/en\/wp-json\/wp\/v2\/product_brand?post=889"},{"taxonomy":"product_cat","embeddable":true,"href":"https:\/\/www.mikrotrgovina.hr\/en\/wp-json\/wp\/v2\/product_cat?post=889"},{"taxonomy":"product_tag","embeddable":true,"href":"https:\/\/www.mikrotrgovina.hr\/en\/wp-json\/wp\/v2\/product_tag?post=889"}],"curies":[{"name":"wp","href":"https:\/\/api.w.org\/{rel}","templated":true}]}}