{"id":545,"date":"2022-06-08T07:45:50","date_gmt":"2022-06-08T07:45:50","guid":{"rendered":"https:\/\/www.mikrotrgovina.hr\/?post_type=product&#038;p=545"},"modified":"2024-08-01T12:14:56","modified_gmt":"2024-08-01T12:14:56","slug":"nebeska-lanterna","status":"publish","type":"product","link":"https:\/\/www.mikrotrgovina.hr\/en\/proizvodi\/nebeska-lanterna\/","title":{"rendered":"NEBESKA LANTERNA"},"content":{"rendered":"<p>NEBESKA LANTERNA<br \/>\nLanterna \u0107e dodat da\u0161ak elegancije svakom vjen\u010danju, javnim manifestacijama i festivalima<br \/>\n100% biorazgradiva lanterna bez metalnih dijelova<br \/>\nNezaobilazni na vjen\u010danjima, proslavama godi\u0161njica, kr\u0161tenjima i svim drugim romanti\u010dnim i posebnim prilikama&#8230;<br \/>\nPotpuno sigurni za upotrebu, lampioni ne sadr\u017ee metalne dijelove i u potpunosti su biorazgradivi<\/p>","protected":false},"excerpt":{"rendered":"<p>NEBESKA LANTERNA Lanterna \u0107e dodat da\u0161ak elegancije svakom vjen\u010danju, javnim manifestacijama i festivalima 100% biorazgradiva lanterna bez metalnih dijelova Nezaobilazni na vjen\u010danjima, proslavama godi\u0161njica, kr\u0161tenjima i svim drugim romanti\u010dnim i posebnim prilikama&#8230; Potpuno sigurni za upotrebu, lampioni ne sadr\u017ee metalne dijelove i u potpunosti su biorazgradivi<\/p>","protected":false},"featured_media":1746,"comment_status":"open","ping_status":"closed","template":"","meta":{"_sitemap_exclude":false,"_sitemap_priority":"","_sitemap_frequency":""},"product_brand":[],"product_cat":[32],"product_tag":[],"class_list":{"0":"post-545","1":"product","2":"type-product","3":"status-publish","4":"has-post-thumbnail","6":"product_cat-party-program","8":"first","9":"instock","10":"taxable","11":"shipping-taxable","12":"purchasable","13":"product-type-simple"},"_links":{"self":[{"href":"https:\/\/www.mikrotrgovina.hr\/en\/wp-json\/wp\/v2\/product\/545","targetHints":{"allow":["GET"]}}],"collection":[{"href":"https:\/\/www.mikrotrgovina.hr\/en\/wp-json\/wp\/v2\/product"}],"about":[{"href":"https:\/\/www.mikrotrgovina.hr\/en\/wp-json\/wp\/v2\/types\/product"}],"replies":[{"embeddable":true,"href":"https:\/\/www.mikrotrgovina.hr\/en\/wp-json\/wp\/v2\/comments?post=545"}],"wp:featuredmedia":[{"embeddable":true,"href":"https:\/\/www.mikrotrgovina.hr\/en\/wp-json\/wp\/v2\/media\/1746"}],"wp:attachment":[{"href":"https:\/\/www.mikrotrgovina.hr\/en\/wp-json\/wp\/v2\/media?parent=545"}],"wp:term":[{"taxonomy":"product_brand","embeddable":true,"href":"https:\/\/www.mikrotrgovina.hr\/en\/wp-json\/wp\/v2\/product_brand?post=545"},{"taxonomy":"product_cat","embeddable":true,"href":"https:\/\/www.mikrotrgovina.hr\/en\/wp-json\/wp\/v2\/product_cat?post=545"},{"taxonomy":"product_tag","embeddable":true,"href":"https:\/\/www.mikrotrgovina.hr\/en\/wp-json\/wp\/v2\/product_tag?post=545"}],"curies":[{"name":"wp","href":"https:\/\/api.w.org\/{rel}","templated":true}]}}