{"id":484,"date":"2022-10-28T12:46:31","date_gmt":"2022-10-28T12:46:31","guid":{"rendered":"https:\/\/www.mikrotrgovina.hr\/?post_type=product&#038;p=484"},"modified":"2025-12-05T17:27:57","modified_gmt":"2025-12-05T17:27:57","slug":"gastro-pl-zvono-za-tortu-fi-3-2","status":"publish","type":"product","link":"https:\/\/www.mikrotrgovina.hr\/en\/proizvodi\/gastro-pl-zvono-za-tortu-fi-3-2\/","title":{"rendered":"PLASTI\u010cNO ZVONO za TORTU fi 33 cm 1\/1"},"content":{"rendered":"<p>GASTRO PL. ZVONO za TORTU fi 33 cm 1\/1<br \/>\nSatoji se od PET dna za tortu, fi 355mm i PET poklopca za tortu, fi 364x105mm<br \/>\nPET poklopac odlikuje izuzetna bistrina i kristalno \u010dista tekstura<br \/>\nPrehrambene namirnice zapakirane u ovu posudicu \u0107e ostati za\u0161ti\u0107ene od vanjskih faktora , te \u0107e va\u0161e proizvode \u010duvati od nagnje\u010denja prilikom transporta i manipulacije<\/p>\n<p>*slike su informativnog karaktera te ne moraju u potpunosti odgovarati stvarnom izgledu proizvoda<\/p>","protected":false},"excerpt":{"rendered":"<p>GASTRO PL. ZVONO za TORTU fi 33 cm 1\/1 Satoji se od PET dna za tortu, fi 355mm i PET poklopca za tortu, fi 364x105mm PET poklopac odlikuje izuzetna bistrina i kristalno \u010dista tekstura Prehrambene namirnice zapakirane u ovu posudicu \u0107e ostati za\u0161ti\u0107ene od vanjskih faktora , te \u0107e va\u0161e proizvode \u010duvati od nagnje\u010denja prilikom [&hellip;]<\/p>","protected":false},"featured_media":1648,"comment_status":"open","ping_status":"closed","template":"","meta":{"_sitemap_exclude":false,"_sitemap_priority":"","_sitemap_frequency":""},"product_brand":[],"product_cat":[19,15],"product_tag":[],"class_list":{"0":"post-484","1":"product","2":"type-product","3":"status-publish","4":"has-post-thumbnail","6":"product_cat-ambalaza-za-torte-i-kolace","7":"product_cat-ambalaza-za-hranu-horeca","9":"first","10":"instock","11":"taxable","12":"shipping-taxable","13":"purchasable","14":"product-type-simple"},"_links":{"self":[{"href":"https:\/\/www.mikrotrgovina.hr\/en\/wp-json\/wp\/v2\/product\/484","targetHints":{"allow":["GET"]}}],"collection":[{"href":"https:\/\/www.mikrotrgovina.hr\/en\/wp-json\/wp\/v2\/product"}],"about":[{"href":"https:\/\/www.mikrotrgovina.hr\/en\/wp-json\/wp\/v2\/types\/product"}],"replies":[{"embeddable":true,"href":"https:\/\/www.mikrotrgovina.hr\/en\/wp-json\/wp\/v2\/comments?post=484"}],"wp:featuredmedia":[{"embeddable":true,"href":"https:\/\/www.mikrotrgovina.hr\/en\/wp-json\/wp\/v2\/media\/1648"}],"wp:attachment":[{"href":"https:\/\/www.mikrotrgovina.hr\/en\/wp-json\/wp\/v2\/media?parent=484"}],"wp:term":[{"taxonomy":"product_brand","embeddable":true,"href":"https:\/\/www.mikrotrgovina.hr\/en\/wp-json\/wp\/v2\/product_brand?post=484"},{"taxonomy":"product_cat","embeddable":true,"href":"https:\/\/www.mikrotrgovina.hr\/en\/wp-json\/wp\/v2\/product_cat?post=484"},{"taxonomy":"product_tag","embeddable":true,"href":"https:\/\/www.mikrotrgovina.hr\/en\/wp-json\/wp\/v2\/product_tag?post=484"}],"curies":[{"name":"wp","href":"https:\/\/api.w.org\/{rel}","templated":true}]}}