{"id":483,"date":"2022-07-17T17:43:55","date_gmt":"2022-07-17T17:43:55","guid":{"rendered":"https:\/\/www.mikrotrgovina.hr\/?post_type=product&#038;p=483"},"modified":"2024-08-23T05:33:11","modified_gmt":"2024-08-23T05:33:11","slug":"kart-tanjur-s-premazom-110x20","status":"publish","type":"product","link":"https:\/\/www.mikrotrgovina.hr\/en\/proizvodi\/kart-tanjur-s-premazom-110x20\/","title":{"rendered":"KARTONSKI TANJUR s PREMAZOM 110&#215;200 25\/1"},"content":{"rendered":"<p>ECO KART. TANJUR s PREMAZOM 110&#215;200 50\/1<br \/>\nUniverzalna posuda za hranu<br \/>\nPotpuno otporno na masno\u0107u<br \/>\nSavr\u0161eno rje\u0161enje za hranu za van<br \/>\nJedno pakiranje sadr\u017ei 50 kom<\/p>","protected":false},"excerpt":{"rendered":"<p>ECO KART. TANJUR s PREMAZOM 110&#215;200 50\/1 Univerzalna posuda za hranu Potpuno otporno na masno\u0107u Savr\u0161eno rje\u0161enje za hranu za van Jedno pakiranje sadr\u017ei 50 kom<\/p>","protected":false},"featured_media":641,"comment_status":"open","ping_status":"closed","template":"","meta":{"_sitemap_exclude":false,"_sitemap_priority":"","_sitemap_frequency":""},"product_brand":[],"product_cat":[15],"product_tag":[],"class_list":{"0":"post-483","1":"product","2":"type-product","3":"status-publish","4":"has-post-thumbnail","6":"product_cat-ambalaza-za-hranu-horeca","8":"first","9":"instock","10":"taxable","11":"shipping-taxable","12":"purchasable","13":"product-type-simple"},"_links":{"self":[{"href":"https:\/\/www.mikrotrgovina.hr\/en\/wp-json\/wp\/v2\/product\/483","targetHints":{"allow":["GET"]}}],"collection":[{"href":"https:\/\/www.mikrotrgovina.hr\/en\/wp-json\/wp\/v2\/product"}],"about":[{"href":"https:\/\/www.mikrotrgovina.hr\/en\/wp-json\/wp\/v2\/types\/product"}],"replies":[{"embeddable":true,"href":"https:\/\/www.mikrotrgovina.hr\/en\/wp-json\/wp\/v2\/comments?post=483"}],"wp:featuredmedia":[{"embeddable":true,"href":"https:\/\/www.mikrotrgovina.hr\/en\/wp-json\/wp\/v2\/media\/641"}],"wp:attachment":[{"href":"https:\/\/www.mikrotrgovina.hr\/en\/wp-json\/wp\/v2\/media?parent=483"}],"wp:term":[{"taxonomy":"product_brand","embeddable":true,"href":"https:\/\/www.mikrotrgovina.hr\/en\/wp-json\/wp\/v2\/product_brand?post=483"},{"taxonomy":"product_cat","embeddable":true,"href":"https:\/\/www.mikrotrgovina.hr\/en\/wp-json\/wp\/v2\/product_cat?post=483"},{"taxonomy":"product_tag","embeddable":true,"href":"https:\/\/www.mikrotrgovina.hr\/en\/wp-json\/wp\/v2\/product_tag?post=483"}],"curies":[{"name":"wp","href":"https:\/\/api.w.org\/{rel}","templated":true}]}}