{"id":481,"date":"2022-07-17T17:38:56","date_gmt":"2022-07-17T17:38:56","guid":{"rendered":"https:\/\/www.mikrotrgovina.hr\/?post_type=product&#038;p=481"},"modified":"2024-08-23T06:17:06","modified_gmt":"2024-08-23T06:17:06","slug":"kart-pos-za-fries-110x110x42","status":"publish","type":"product","link":"https:\/\/www.mikrotrgovina.hr\/en\/proizvodi\/kart-pos-za-fries-110x110x42\/","title":{"rendered":"KARTONSKA POSUDA  za FRIES 110x110x42 50\/1"},"content":{"rendered":"<p>ECO KART. POSUDA za FRIES 110x110x42 50\/1<br \/>\nPosuda za brzu pr\u017eenu hranu<br \/>\nIzra\u0111eno od materijala koji se mo\u017ee reciklirati<br \/>\nSigurno za kori\u0161tenje u mikrovalnoj pe\u0107nici<br \/>\nIdealno rje\u0161enje za brzu hranu i restorane za van<br \/>\nJedno pakiranje sadr\u017ei 50 kom<\/p>","protected":false},"excerpt":{"rendered":"<p>ECO KART. POSUDA za FRIES 110x110x42 50\/1 Posuda za brzu pr\u017eenu hranu Izra\u0111eno od materijala koji se mo\u017ee reciklirati Sigurno za kori\u0161tenje u mikrovalnoj pe\u0107nici Idealno rje\u0161enje za brzu hranu i restorane za van Jedno pakiranje sadr\u017ei 50 kom<\/p>","protected":false},"featured_media":1629,"comment_status":"open","ping_status":"closed","template":"","meta":{"_sitemap_exclude":false,"_sitemap_priority":"","_sitemap_frequency":""},"product_brand":[],"product_cat":[15],"product_tag":[],"class_list":{"0":"post-481","1":"product","2":"type-product","3":"status-publish","4":"has-post-thumbnail","6":"product_cat-ambalaza-za-hranu-horeca","8":"first","9":"instock","10":"taxable","11":"shipping-taxable","12":"purchasable","13":"product-type-simple"},"_links":{"self":[{"href":"https:\/\/www.mikrotrgovina.hr\/en\/wp-json\/wp\/v2\/product\/481","targetHints":{"allow":["GET"]}}],"collection":[{"href":"https:\/\/www.mikrotrgovina.hr\/en\/wp-json\/wp\/v2\/product"}],"about":[{"href":"https:\/\/www.mikrotrgovina.hr\/en\/wp-json\/wp\/v2\/types\/product"}],"replies":[{"embeddable":true,"href":"https:\/\/www.mikrotrgovina.hr\/en\/wp-json\/wp\/v2\/comments?post=481"}],"wp:featuredmedia":[{"embeddable":true,"href":"https:\/\/www.mikrotrgovina.hr\/en\/wp-json\/wp\/v2\/media\/1629"}],"wp:attachment":[{"href":"https:\/\/www.mikrotrgovina.hr\/en\/wp-json\/wp\/v2\/media?parent=481"}],"wp:term":[{"taxonomy":"product_brand","embeddable":true,"href":"https:\/\/www.mikrotrgovina.hr\/en\/wp-json\/wp\/v2\/product_brand?post=481"},{"taxonomy":"product_cat","embeddable":true,"href":"https:\/\/www.mikrotrgovina.hr\/en\/wp-json\/wp\/v2\/product_cat?post=481"},{"taxonomy":"product_tag","embeddable":true,"href":"https:\/\/www.mikrotrgovina.hr\/en\/wp-json\/wp\/v2\/product_tag?post=481"}],"curies":[{"name":"wp","href":"https:\/\/api.w.org\/{rel}","templated":true}]}}