{"id":480,"date":"2022-07-17T17:37:23","date_gmt":"2022-07-17T17:37:23","guid":{"rendered":"https:\/\/www.mikrotrgovina.hr\/?post_type=product&#038;p=480"},"modified":"2024-08-23T06:16:13","modified_gmt":"2024-08-23T06:16:13","slug":"kart-drzac-za-sandwich-230x91","status":"publish","type":"product","link":"https:\/\/www.mikrotrgovina.hr\/en\/proizvodi\/kart-drzac-za-sandwich-230x91\/","title":{"rendered":"KARTONSKI DR\u017dA\u010c za SANDWICH 230&#215;91 50\/1"},"content":{"rendered":"<p>ECO KART. DR\u017dA\u010c za SANDWICH 230&#215;91 50\/1<br \/>\nIdealno za tortilje i baguete<br \/>\nPakiranje se isporu\u010duje ravno, jednostavno za skladi\u0161tenje i sastavljanje<br \/>\nPrikladno za segmente brze hrane<br \/>\nJedno pakiranje sadr\u017ei 50 kom<\/p>","protected":false},"excerpt":{"rendered":"<p>ECO KART. DR\u017dA\u010c za SANDWICH 230&#215;91 50\/1 Idealno za tortilje i baguete Pakiranje se isporu\u010duje ravno, jednostavno za skladi\u0161tenje i sastavljanje Prikladno za segmente brze hrane Jedno pakiranje sadr\u017ei 50 kom<\/p>","protected":false},"featured_media":1628,"comment_status":"open","ping_status":"closed","template":"","meta":{"_sitemap_exclude":false,"_sitemap_priority":"","_sitemap_frequency":""},"product_brand":[],"product_cat":[15],"product_tag":[],"class_list":{"0":"post-480","1":"product","2":"type-product","3":"status-publish","4":"has-post-thumbnail","6":"product_cat-ambalaza-za-hranu-horeca","8":"first","9":"instock","10":"taxable","11":"shipping-taxable","12":"purchasable","13":"product-type-simple"},"_links":{"self":[{"href":"https:\/\/www.mikrotrgovina.hr\/en\/wp-json\/wp\/v2\/product\/480","targetHints":{"allow":["GET"]}}],"collection":[{"href":"https:\/\/www.mikrotrgovina.hr\/en\/wp-json\/wp\/v2\/product"}],"about":[{"href":"https:\/\/www.mikrotrgovina.hr\/en\/wp-json\/wp\/v2\/types\/product"}],"replies":[{"embeddable":true,"href":"https:\/\/www.mikrotrgovina.hr\/en\/wp-json\/wp\/v2\/comments?post=480"}],"wp:featuredmedia":[{"embeddable":true,"href":"https:\/\/www.mikrotrgovina.hr\/en\/wp-json\/wp\/v2\/media\/1628"}],"wp:attachment":[{"href":"https:\/\/www.mikrotrgovina.hr\/en\/wp-json\/wp\/v2\/media?parent=480"}],"wp:term":[{"taxonomy":"product_brand","embeddable":true,"href":"https:\/\/www.mikrotrgovina.hr\/en\/wp-json\/wp\/v2\/product_brand?post=480"},{"taxonomy":"product_cat","embeddable":true,"href":"https:\/\/www.mikrotrgovina.hr\/en\/wp-json\/wp\/v2\/product_cat?post=480"},{"taxonomy":"product_tag","embeddable":true,"href":"https:\/\/www.mikrotrgovina.hr\/en\/wp-json\/wp\/v2\/product_tag?post=480"}],"curies":[{"name":"wp","href":"https:\/\/api.w.org\/{rel}","templated":true}]}}