{"id":478,"date":"2022-07-17T17:30:31","date_gmt":"2022-07-17T17:30:31","guid":{"rendered":"https:\/\/www.mikrotrgovina.hr\/?post_type=product&#038;p=478"},"modified":"2024-08-23T06:16:47","modified_gmt":"2024-08-23T06:16:47","slug":"kart-kutijica-za-pommes-105x5","status":"publish","type":"product","link":"https:\/\/www.mikrotrgovina.hr\/en\/proizvodi\/kart-kutijica-za-pommes-105x5\/","title":{"rendered":"KARTONSKA  KUTIJICA za POMMES 105x50x110 50\/1"},"content":{"rendered":"<p>ECO KART. KUTIJICA za POMMES 105x50x110 50\/1<br \/>\nAtraktivno pakiranje<br \/>\nSigurno za kori\u0161tenje u mikrovalnoj pe\u0107nici<br \/>\nProizvod se isporu\u010duje ravan, jednostavno za skladi\u0161tenje i sastavljanje<br \/>\nIdealno za brzu hranu i restorane za van<br \/>\nJedno pakiranje sadr\u017ei 50 kom<\/p>","protected":false},"excerpt":{"rendered":"<p>ECO KART. KUTIJICA za POMMES 105x50x110 50\/1 Atraktivno pakiranje Sigurno za kori\u0161tenje u mikrovalnoj pe\u0107nici Proizvod se isporu\u010duje ravan, jednostavno za skladi\u0161tenje i sastavljanje Idealno za brzu hranu i restorane za van Jedno pakiranje sadr\u017ei 50 kom<\/p>","protected":false},"featured_media":1627,"comment_status":"open","ping_status":"closed","template":"","meta":{"_sitemap_exclude":false,"_sitemap_priority":"","_sitemap_frequency":""},"product_brand":[],"product_cat":[15],"product_tag":[],"class_list":{"0":"post-478","1":"product","2":"type-product","3":"status-publish","4":"has-post-thumbnail","6":"product_cat-ambalaza-za-hranu-horeca","8":"first","9":"instock","10":"taxable","11":"shipping-taxable","12":"purchasable","13":"product-type-simple"},"_links":{"self":[{"href":"https:\/\/www.mikrotrgovina.hr\/en\/wp-json\/wp\/v2\/product\/478","targetHints":{"allow":["GET"]}}],"collection":[{"href":"https:\/\/www.mikrotrgovina.hr\/en\/wp-json\/wp\/v2\/product"}],"about":[{"href":"https:\/\/www.mikrotrgovina.hr\/en\/wp-json\/wp\/v2\/types\/product"}],"replies":[{"embeddable":true,"href":"https:\/\/www.mikrotrgovina.hr\/en\/wp-json\/wp\/v2\/comments?post=478"}],"wp:featuredmedia":[{"embeddable":true,"href":"https:\/\/www.mikrotrgovina.hr\/en\/wp-json\/wp\/v2\/media\/1627"}],"wp:attachment":[{"href":"https:\/\/www.mikrotrgovina.hr\/en\/wp-json\/wp\/v2\/media?parent=478"}],"wp:term":[{"taxonomy":"product_brand","embeddable":true,"href":"https:\/\/www.mikrotrgovina.hr\/en\/wp-json\/wp\/v2\/product_brand?post=478"},{"taxonomy":"product_cat","embeddable":true,"href":"https:\/\/www.mikrotrgovina.hr\/en\/wp-json\/wp\/v2\/product_cat?post=478"},{"taxonomy":"product_tag","embeddable":true,"href":"https:\/\/www.mikrotrgovina.hr\/en\/wp-json\/wp\/v2\/product_tag?post=478"}],"curies":[{"name":"wp","href":"https:\/\/api.w.org\/{rel}","templated":true}]}}