{"id":477,"date":"2022-07-17T17:28:21","date_gmt":"2022-07-17T17:28:21","guid":{"rendered":"https:\/\/www.mikrotrgovina.hr\/?post_type=product&#038;p=477"},"modified":"2024-08-23T05:32:53","modified_gmt":"2024-08-23T05:32:53","slug":"kart-posud-za-tortillu-200x7","status":"publish","type":"product","link":"https:\/\/www.mikrotrgovina.hr\/en\/proizvodi\/kart-posud-za-tortillu-200x7\/","title":{"rendered":"KARTONSKA POSUDA za TORTILLU 200x70x55 50\/1"},"content":{"rendered":"<p>ECO KART. POSUDICA za TORTILLU 200x70x55 50\/1<br \/>\nElegantan dizajn<br \/>\nIzra\u0111eno od ekolo\u0161ki prihvatljivog kartona<br \/>\nProizvod se isporu\u010duje ravan, jednostavno za sklapanje<br \/>\nPogodno z delikatese, ugostiteljstvo, itd.<br \/>\nJedno pakiranje sadr\u017ei 50 kom<\/p>","protected":false},"excerpt":{"rendered":"<p>ECO KART. POSUDICA za TORTILLU 200x70x55 50\/1 Elegantan dizajn Izra\u0111eno od ekolo\u0161ki prihvatljivog kartona Proizvod se isporu\u010duje ravan, jednostavno za sklapanje Pogodno z delikatese, ugostiteljstvo, itd. Jedno pakiranje sadr\u017ei 50 kom<\/p>","protected":false},"featured_media":0,"comment_status":"open","ping_status":"closed","template":"","meta":{"_sitemap_exclude":false,"_sitemap_priority":"","_sitemap_frequency":""},"product_brand":[],"product_cat":[15],"product_tag":[],"class_list":{"0":"post-477","1":"product","2":"type-product","3":"status-publish","5":"product_cat-ambalaza-za-hranu-horeca","7":"first","8":"instock","9":"taxable","10":"shipping-taxable","11":"purchasable","12":"product-type-simple"},"_links":{"self":[{"href":"https:\/\/www.mikrotrgovina.hr\/en\/wp-json\/wp\/v2\/product\/477","targetHints":{"allow":["GET"]}}],"collection":[{"href":"https:\/\/www.mikrotrgovina.hr\/en\/wp-json\/wp\/v2\/product"}],"about":[{"href":"https:\/\/www.mikrotrgovina.hr\/en\/wp-json\/wp\/v2\/types\/product"}],"replies":[{"embeddable":true,"href":"https:\/\/www.mikrotrgovina.hr\/en\/wp-json\/wp\/v2\/comments?post=477"}],"wp:attachment":[{"href":"https:\/\/www.mikrotrgovina.hr\/en\/wp-json\/wp\/v2\/media?parent=477"}],"wp:term":[{"taxonomy":"product_brand","embeddable":true,"href":"https:\/\/www.mikrotrgovina.hr\/en\/wp-json\/wp\/v2\/product_brand?post=477"},{"taxonomy":"product_cat","embeddable":true,"href":"https:\/\/www.mikrotrgovina.hr\/en\/wp-json\/wp\/v2\/product_cat?post=477"},{"taxonomy":"product_tag","embeddable":true,"href":"https:\/\/www.mikrotrgovina.hr\/en\/wp-json\/wp\/v2\/product_tag?post=477"}],"curies":[{"name":"wp","href":"https:\/\/api.w.org\/{rel}","templated":true}]}}