{"id":462,"date":"2022-07-17T06:57:40","date_gmt":"2022-07-17T06:57:40","guid":{"rendered":"https:\/\/www.mikrotrgovina.hr\/?post_type=product&#038;p=462"},"modified":"2024-08-01T10:01:16","modified_gmt":"2024-08-01T10:01:16","slug":"ugo-podlozak-stone-11x11-cm-si","status":"publish","type":"product","link":"https:\/\/www.mikrotrgovina.hr\/en\/proizvodi\/ugo-podlozak-stone-11x11-cm-si\/","title":{"rendered":"UGO podlo\u017eak STONE 11&#215;11 cm-sivi 40\/1"},"content":{"rendered":"<p>UGO podlo\u017eak STONE 11&#215;11 cm-sivi 40\/1<br \/>\nDimenzija: 11x11cm<br \/>\nDizajn i funkcionalnost \u010dine ovaj pladanj jedinstvenim po svom stilu koji podsje\u0107a na \u010dvrsto\u0107u kamena<br \/>\nPladanj je izuzetno jednostavan za rukovanje i nudi vrlo originalno i privla\u010dno rje\u0161enje koje \u0107e uljep\u0161ati svu prezentaciju va\u0161ih kreacija<br \/>\nJedno pakiranje sadr\u017ei 40 kom<\/p>","protected":false},"excerpt":{"rendered":"<p>UGO podlo\u017eak STONE 11&#215;11 cm-sivi 40\/1 Dimenzija: 11x11cm Dizajn i funkcionalnost \u010dine ovaj pladanj jedinstvenim po svom stilu koji podsje\u0107a na \u010dvrsto\u0107u kamena Pladanj je izuzetno jednostavan za rukovanje i nudi vrlo originalno i privla\u010dno rje\u0161enje koje \u0107e uljep\u0161ati svu prezentaciju va\u0161ih kreacija Jedno pakiranje sadr\u017ei 40 kom<\/p>","protected":false},"featured_media":618,"comment_status":"open","ping_status":"closed","template":"","meta":{"_sitemap_exclude":false,"_sitemap_priority":"","_sitemap_frequency":""},"product_brand":[],"product_cat":[21,19],"product_tag":[],"class_list":{"0":"post-462","1":"product","2":"type-product","3":"status-publish","4":"has-post-thumbnail","6":"product_cat-finger-food","7":"product_cat-ambalaza-za-torte-i-kolace","9":"first","10":"instock","11":"taxable","12":"shipping-taxable","13":"purchasable","14":"product-type-simple"},"_links":{"self":[{"href":"https:\/\/www.mikrotrgovina.hr\/en\/wp-json\/wp\/v2\/product\/462","targetHints":{"allow":["GET"]}}],"collection":[{"href":"https:\/\/www.mikrotrgovina.hr\/en\/wp-json\/wp\/v2\/product"}],"about":[{"href":"https:\/\/www.mikrotrgovina.hr\/en\/wp-json\/wp\/v2\/types\/product"}],"replies":[{"embeddable":true,"href":"https:\/\/www.mikrotrgovina.hr\/en\/wp-json\/wp\/v2\/comments?post=462"}],"wp:featuredmedia":[{"embeddable":true,"href":"https:\/\/www.mikrotrgovina.hr\/en\/wp-json\/wp\/v2\/media\/618"}],"wp:attachment":[{"href":"https:\/\/www.mikrotrgovina.hr\/en\/wp-json\/wp\/v2\/media?parent=462"}],"wp:term":[{"taxonomy":"product_brand","embeddable":true,"href":"https:\/\/www.mikrotrgovina.hr\/en\/wp-json\/wp\/v2\/product_brand?post=462"},{"taxonomy":"product_cat","embeddable":true,"href":"https:\/\/www.mikrotrgovina.hr\/en\/wp-json\/wp\/v2\/product_cat?post=462"},{"taxonomy":"product_tag","embeddable":true,"href":"https:\/\/www.mikrotrgovina.hr\/en\/wp-json\/wp\/v2\/product_tag?post=462"}],"curies":[{"name":"wp","href":"https:\/\/api.w.org\/{rel}","templated":true}]}}