{"id":460,"date":"2022-07-17T06:51:21","date_gmt":"2022-07-17T06:51:21","guid":{"rendered":"https:\/\/www.mikrotrgovina.hr\/?post_type=product&#038;p=460"},"modified":"2024-08-01T10:01:44","modified_gmt":"2024-08-01T10:01:44","slug":"ugo-casica-lily-100cc-40-1","status":"publish","type":"product","link":"https:\/\/www.mikrotrgovina.hr\/en\/proizvodi\/ugo-casica-lily-100cc-40-1\/","title":{"rendered":"UGO \u010da\u0161ica LILY 100cc 40\/1"},"content":{"rendered":"<p>UGO \u010da\u0161ica LILY 100cc 40\/1<br \/>\nDimenzija: Fi 6,1cm<br \/>\nProzirnost \u010dini ovu \u0161alicu posebno pogodnom za slatke i slane kreacije s ukrasima<br \/>\nJedno pakiranje sadr\u017ei 40 kom<\/p>","protected":false},"excerpt":{"rendered":"<p>UGO \u010da\u0161ica LILY 100cc 40\/1 Dimenzija: Fi 6,1cm Prozirnost \u010dini ovu \u0161alicu posebno pogodnom za slatke i slane kreacije s ukrasima Jedno pakiranje sadr\u017ei 40 kom<\/p>","protected":false},"featured_media":616,"comment_status":"open","ping_status":"closed","template":"","meta":{"_sitemap_exclude":false,"_sitemap_priority":"","_sitemap_frequency":""},"product_brand":[],"product_cat":[21,19],"product_tag":[],"class_list":{"0":"post-460","1":"product","2":"type-product","3":"status-publish","4":"has-post-thumbnail","6":"product_cat-finger-food","7":"product_cat-ambalaza-za-torte-i-kolace","9":"first","10":"instock","11":"taxable","12":"shipping-taxable","13":"purchasable","14":"product-type-simple"},"_links":{"self":[{"href":"https:\/\/www.mikrotrgovina.hr\/en\/wp-json\/wp\/v2\/product\/460","targetHints":{"allow":["GET"]}}],"collection":[{"href":"https:\/\/www.mikrotrgovina.hr\/en\/wp-json\/wp\/v2\/product"}],"about":[{"href":"https:\/\/www.mikrotrgovina.hr\/en\/wp-json\/wp\/v2\/types\/product"}],"replies":[{"embeddable":true,"href":"https:\/\/www.mikrotrgovina.hr\/en\/wp-json\/wp\/v2\/comments?post=460"}],"wp:featuredmedia":[{"embeddable":true,"href":"https:\/\/www.mikrotrgovina.hr\/en\/wp-json\/wp\/v2\/media\/616"}],"wp:attachment":[{"href":"https:\/\/www.mikrotrgovina.hr\/en\/wp-json\/wp\/v2\/media?parent=460"}],"wp:term":[{"taxonomy":"product_brand","embeddable":true,"href":"https:\/\/www.mikrotrgovina.hr\/en\/wp-json\/wp\/v2\/product_brand?post=460"},{"taxonomy":"product_cat","embeddable":true,"href":"https:\/\/www.mikrotrgovina.hr\/en\/wp-json\/wp\/v2\/product_cat?post=460"},{"taxonomy":"product_tag","embeddable":true,"href":"https:\/\/www.mikrotrgovina.hr\/en\/wp-json\/wp\/v2\/product_tag?post=460"}],"curies":[{"name":"wp","href":"https:\/\/api.w.org\/{rel}","templated":true}]}}