{"id":458,"date":"2022-07-17T06:47:35","date_gmt":"2022-07-17T06:47:35","guid":{"rendered":"https:\/\/www.mikrotrgovina.hr\/?post_type=product&#038;p=458"},"modified":"2024-07-18T09:04:51","modified_gmt":"2024-07-18T09:04:51","slug":"ugo-tanjuric-gogo-crni-9x9-cm","status":"publish","type":"product","link":"https:\/\/www.mikrotrgovina.hr\/en\/proizvodi\/ugo-tanjuric-gogo-crni-9x9-cm\/","title":{"rendered":"UGO tanjuri\u0107 GOGO crni 9&#215;9 cm 40\/1"},"content":{"rendered":"<p>UGO tanjuri\u0107 GOGO crni 9&#215;9 cm 40\/1<br \/>\nElegantne crne boje, dizajniran da podr\u017ei i pobolj\u0161a i slatke i slane pojedina\u010dne porcije<br \/>\nPromjer: 90 x 90 mm<br \/>\nBoja: crna<br \/>\nPakiranje: 40 komada<\/p>","protected":false},"excerpt":{"rendered":"<p>UGO tanjuri\u0107 GOGO crni 9&#215;9 cm 40\/1 Elegantne crne boje, dizajniran da podr\u017ei i pobolj\u0161a i slatke i slane pojedina\u010dne porcije Promjer: 90 x 90 mm Boja: crna Pakiranje: 40 komada<\/p>","protected":false},"featured_media":614,"comment_status":"open","ping_status":"closed","template":"","meta":{"_sitemap_exclude":false,"_sitemap_priority":"","_sitemap_frequency":""},"product_brand":[],"product_cat":[21],"product_tag":[],"class_list":{"0":"post-458","1":"product","2":"type-product","3":"status-publish","4":"has-post-thumbnail","6":"product_cat-finger-food","8":"first","9":"instock","10":"taxable","11":"shipping-taxable","12":"purchasable","13":"product-type-simple"},"_links":{"self":[{"href":"https:\/\/www.mikrotrgovina.hr\/en\/wp-json\/wp\/v2\/product\/458","targetHints":{"allow":["GET"]}}],"collection":[{"href":"https:\/\/www.mikrotrgovina.hr\/en\/wp-json\/wp\/v2\/product"}],"about":[{"href":"https:\/\/www.mikrotrgovina.hr\/en\/wp-json\/wp\/v2\/types\/product"}],"replies":[{"embeddable":true,"href":"https:\/\/www.mikrotrgovina.hr\/en\/wp-json\/wp\/v2\/comments?post=458"}],"wp:featuredmedia":[{"embeddable":true,"href":"https:\/\/www.mikrotrgovina.hr\/en\/wp-json\/wp\/v2\/media\/614"}],"wp:attachment":[{"href":"https:\/\/www.mikrotrgovina.hr\/en\/wp-json\/wp\/v2\/media?parent=458"}],"wp:term":[{"taxonomy":"product_brand","embeddable":true,"href":"https:\/\/www.mikrotrgovina.hr\/en\/wp-json\/wp\/v2\/product_brand?post=458"},{"taxonomy":"product_cat","embeddable":true,"href":"https:\/\/www.mikrotrgovina.hr\/en\/wp-json\/wp\/v2\/product_cat?post=458"},{"taxonomy":"product_tag","embeddable":true,"href":"https:\/\/www.mikrotrgovina.hr\/en\/wp-json\/wp\/v2\/product_tag?post=458"}],"curies":[{"name":"wp","href":"https:\/\/api.w.org\/{rel}","templated":true}]}}