{"id":439,"date":"2022-06-06T08:15:38","date_gmt":"2022-06-06T08:15:38","guid":{"rendered":"https:\/\/www.mikrotrgovina.hr\/?post_type=product&#038;p=439"},"modified":"2024-09-06T10:44:12","modified_gmt":"2024-09-06T10:44:12","slug":"baloni-mix-40-1","status":"publish","type":"product","link":"https:\/\/www.mikrotrgovina.hr\/en\/proizvodi\/baloni-mix-40-1\/","title":{"rendered":"BALONI MIX 40\/1"},"content":{"rendered":"<p>BALONI MIX 40\/1<br \/>\nOvi baloni izra\u0111eni su od 100% prirodnog lateksa i u potpunosti po\u0161tuju okoli\u0161, laboratorijski testovi dokazuju njihovu biorazgradivost i certificiraju ih na tr\u017ei\u0161tu<br \/>\nLateks balon pogodan za punjenje zrakom ili helijem<br \/>\nBaloni od lateksa promjera 6 in\u010da (16 cm)<br \/>\nNapunjen helijem u zatvorenom okru\u017eenju (18\u00b0C) vrijeme plutanja je pribli\u017eno 4 sata<br \/>\nNapunjen zrakom u zatvorenom prostoru (18\u00b0C) trajnost je cca 10 dana<br \/>\nJedno pakiranje sadr\u017ei 40 kom<\/p>\n<p>*slike su informativnog karaktera te ne moraju u potpunosti odgovarati stvarnom izgledu proizvoda<\/p>","protected":false},"excerpt":{"rendered":"<p>BALONI MIX 40\/1 Ovi baloni izra\u0111eni su od 100% prirodnog lateksa i u potpunosti po\u0161tuju okoli\u0161, laboratorijski testovi dokazuju njihovu biorazgradivost i certificiraju ih na tr\u017ei\u0161tu Lateks balon pogodan za punjenje zrakom ili helijem Baloni od lateksa promjera 6 in\u010da (16 cm) Napunjen helijem u zatvorenom okru\u017eenju (18\u00b0C) vrijeme plutanja je pribli\u017eno 4 sata Napunjen [&hellip;]<\/p>","protected":false},"featured_media":1812,"comment_status":"open","ping_status":"closed","template":"","meta":{"_sitemap_exclude":false,"_sitemap_priority":"","_sitemap_frequency":""},"product_brand":[],"product_cat":[32,31],"product_tag":[],"class_list":{"0":"post-439","1":"product","2":"type-product","3":"status-publish","4":"has-post-thumbnail","6":"product_cat-party-program","7":"product_cat-revolt-party-baloni","9":"first","10":"instock","11":"taxable","12":"shipping-taxable","13":"purchasable","14":"product-type-simple"},"_links":{"self":[{"href":"https:\/\/www.mikrotrgovina.hr\/en\/wp-json\/wp\/v2\/product\/439","targetHints":{"allow":["GET"]}}],"collection":[{"href":"https:\/\/www.mikrotrgovina.hr\/en\/wp-json\/wp\/v2\/product"}],"about":[{"href":"https:\/\/www.mikrotrgovina.hr\/en\/wp-json\/wp\/v2\/types\/product"}],"replies":[{"embeddable":true,"href":"https:\/\/www.mikrotrgovina.hr\/en\/wp-json\/wp\/v2\/comments?post=439"}],"wp:featuredmedia":[{"embeddable":true,"href":"https:\/\/www.mikrotrgovina.hr\/en\/wp-json\/wp\/v2\/media\/1812"}],"wp:attachment":[{"href":"https:\/\/www.mikrotrgovina.hr\/en\/wp-json\/wp\/v2\/media?parent=439"}],"wp:term":[{"taxonomy":"product_brand","embeddable":true,"href":"https:\/\/www.mikrotrgovina.hr\/en\/wp-json\/wp\/v2\/product_brand?post=439"},{"taxonomy":"product_cat","embeddable":true,"href":"https:\/\/www.mikrotrgovina.hr\/en\/wp-json\/wp\/v2\/product_cat?post=439"},{"taxonomy":"product_tag","embeddable":true,"href":"https:\/\/www.mikrotrgovina.hr\/en\/wp-json\/wp\/v2\/product_tag?post=439"}],"curies":[{"name":"wp","href":"https:\/\/api.w.org\/{rel}","templated":true}]}}