{"id":420,"date":"2022-07-18T19:09:44","date_gmt":"2022-07-18T19:09:44","guid":{"rendered":"https:\/\/www.mikrotrgovina.hr\/?post_type=product&#038;p=420"},"modified":"2024-08-01T10:31:47","modified_gmt":"2024-08-01T10:31:47","slug":"kartonska-tacna-4b-bijela-fi-2","status":"publish","type":"product","link":"https:\/\/www.mikrotrgovina.hr\/en\/proizvodi\/kartonska-tacna-4b-bijela-fi-2\/","title":{"rendered":"KARTONSKA TACNA 4B BIJELA fi 23 cm 25\/1"},"content":{"rendered":"<p>KARTONSKA TACNA 4B BIJELA fi 23cm 1\/25<br \/>\nPapirnati tanjuri proizvedeni su od papira pogodnog za kontakt sa suhom, vla\u017enom i masnom hranom.<br \/>\nTanjuri su bez plasti\u010dnog premaza te su biorazgradivi, a mogu se reciklirati i kompostirati.<br \/>\nJedno pakiranje sadr\u017ei 25 kom<\/p>","protected":false},"excerpt":{"rendered":"<p>KARTONSKA TACNA 4B BIJELA fi 23cm 1\/25 Papirnati tanjuri proizvedeni su od papira pogodnog za kontakt sa suhom, vla\u017enom i masnom hranom. Tanjuri su bez plasti\u010dnog premaza te su biorazgradivi, a mogu se reciklirati i kompostirati. Jedno pakiranje sadr\u017ei 25 kom<\/p>","protected":false},"featured_media":0,"comment_status":"open","ping_status":"closed","template":"","meta":{"_sitemap_exclude":false,"_sitemap_priority":"","_sitemap_frequency":""},"product_brand":[],"product_cat":[19,15],"product_tag":[],"class_list":{"0":"post-420","1":"product","2":"type-product","3":"status-publish","5":"product_cat-ambalaza-za-torte-i-kolace","6":"product_cat-ambalaza-za-hranu-horeca","8":"first","9":"instock","10":"taxable","11":"shipping-taxable","12":"purchasable","13":"product-type-simple"},"_links":{"self":[{"href":"https:\/\/www.mikrotrgovina.hr\/en\/wp-json\/wp\/v2\/product\/420","targetHints":{"allow":["GET"]}}],"collection":[{"href":"https:\/\/www.mikrotrgovina.hr\/en\/wp-json\/wp\/v2\/product"}],"about":[{"href":"https:\/\/www.mikrotrgovina.hr\/en\/wp-json\/wp\/v2\/types\/product"}],"replies":[{"embeddable":true,"href":"https:\/\/www.mikrotrgovina.hr\/en\/wp-json\/wp\/v2\/comments?post=420"}],"wp:attachment":[{"href":"https:\/\/www.mikrotrgovina.hr\/en\/wp-json\/wp\/v2\/media?parent=420"}],"wp:term":[{"taxonomy":"product_brand","embeddable":true,"href":"https:\/\/www.mikrotrgovina.hr\/en\/wp-json\/wp\/v2\/product_brand?post=420"},{"taxonomy":"product_cat","embeddable":true,"href":"https:\/\/www.mikrotrgovina.hr\/en\/wp-json\/wp\/v2\/product_cat?post=420"},{"taxonomy":"product_tag","embeddable":true,"href":"https:\/\/www.mikrotrgovina.hr\/en\/wp-json\/wp\/v2\/product_tag?post=420"}],"curies":[{"name":"wp","href":"https:\/\/api.w.org\/{rel}","templated":true}]}}