{"id":416,"date":"2022-07-18T19:01:31","date_gmt":"2022-07-18T19:01:31","guid":{"rendered":"https:\/\/www.mikrotrgovina.hr\/?post_type=product&#038;p=416"},"modified":"2025-10-07T20:52:17","modified_gmt":"2025-10-07T20:52:17","slug":"kartonska-tacna-2a-bijela-1-25","status":"publish","type":"product","link":"https:\/\/www.mikrotrgovina.hr\/en\/proizvodi\/kartonska-tacna-2a-bijela-1-25\/","title":{"rendered":"KARTONSKA TACNA 2A BIJELA 1\/25"},"content":{"rendered":"<p>KARTONSKA TACNA 2A BIJELA 1\/25<br \/>\nProizvodi se od 280gramskog kartona<br \/>\nDimenzija : 180mmX110mm<br \/>\nU proizvodnji ovog proizvoda nije kori\u0161teno ljepilo , ni boja<br \/>\nNa\u010din uporabe: U slu\u010daju poslu\u017eivanja hrane, preporu\u010duje se na tacnu (kao podlogu),<br \/>\npostaviti papir certificiran za doticaj sa hranom<br \/>\nJedno pakiranje sadr\u017ei 25 kom<\/p>","protected":false},"excerpt":{"rendered":"<p>KARTONSKA TACNA 2A BIJELA 1\/25 Proizvodi se od 280gramskog kartona Dimenzija : 180mmX110mm U proizvodnji ovog proizvoda nije kori\u0161teno ljepilo , ni boja Na\u010din uporabe: U slu\u010daju poslu\u017eivanja hrane, preporu\u010duje se na tacnu (kao podlogu), postaviti papir certificiran za doticaj sa hranom Jedno pakiranje sadr\u017ei 25 kom<\/p>","protected":false},"featured_media":769,"comment_status":"open","ping_status":"closed","template":"","meta":{"_sitemap_exclude":false,"_sitemap_priority":"","_sitemap_frequency":""},"product_brand":[],"product_cat":[19,15],"product_tag":[],"class_list":{"0":"post-416","1":"product","2":"type-product","3":"status-publish","4":"has-post-thumbnail","6":"product_cat-ambalaza-za-torte-i-kolace","7":"product_cat-ambalaza-za-hranu-horeca","9":"first","10":"instock","11":"taxable","12":"shipping-taxable","13":"purchasable","14":"product-type-simple"},"_links":{"self":[{"href":"https:\/\/www.mikrotrgovina.hr\/en\/wp-json\/wp\/v2\/product\/416","targetHints":{"allow":["GET"]}}],"collection":[{"href":"https:\/\/www.mikrotrgovina.hr\/en\/wp-json\/wp\/v2\/product"}],"about":[{"href":"https:\/\/www.mikrotrgovina.hr\/en\/wp-json\/wp\/v2\/types\/product"}],"replies":[{"embeddable":true,"href":"https:\/\/www.mikrotrgovina.hr\/en\/wp-json\/wp\/v2\/comments?post=416"}],"wp:featuredmedia":[{"embeddable":true,"href":"https:\/\/www.mikrotrgovina.hr\/en\/wp-json\/wp\/v2\/media\/769"}],"wp:attachment":[{"href":"https:\/\/www.mikrotrgovina.hr\/en\/wp-json\/wp\/v2\/media?parent=416"}],"wp:term":[{"taxonomy":"product_brand","embeddable":true,"href":"https:\/\/www.mikrotrgovina.hr\/en\/wp-json\/wp\/v2\/product_brand?post=416"},{"taxonomy":"product_cat","embeddable":true,"href":"https:\/\/www.mikrotrgovina.hr\/en\/wp-json\/wp\/v2\/product_cat?post=416"},{"taxonomy":"product_tag","embeddable":true,"href":"https:\/\/www.mikrotrgovina.hr\/en\/wp-json\/wp\/v2\/product_tag?post=416"}],"curies":[{"name":"wp","href":"https:\/\/api.w.org\/{rel}","templated":true}]}}