{"id":400,"date":"2022-06-06T08:17:04","date_gmt":"2022-06-06T08:17:04","guid":{"rendered":"https:\/\/www.mikrotrgovina.hr\/?post_type=product&#038;p=400"},"modified":"2024-08-23T06:08:11","modified_gmt":"2024-08-23T06:08:11","slug":"baloni-vodene-bombe-20-1","status":"publish","type":"product","link":"https:\/\/www.mikrotrgovina.hr\/en\/proizvodi\/baloni-vodene-bombe-20-1\/","title":{"rendered":"BALONI VODENE BOMBE 20\/1"},"content":{"rendered":"<p>BALONI VODENE BOMBE 20\/1<br \/>\nOvi baloni izra\u0111eni su od 100% prirodnog lateksa i u potpunosti po\u0161tuju okoli\u0161, laboratorijski testovi dokazuju njihovu biorazgradivost i certificiraju ih na tr\u017ei\u0161tu<br \/>\nNa\u0161e &#8220;Vodene bombe&#8221; posebna su vrsta balona savr\u0161enih za dr\u017eanje vode  Obi\u010dno se koriste tijekom ljeta za \u0161ale ili organizirane ratove vodenim balonima<br \/>\nOvaj proizvod je savr\u0161en za provod na vru\u0107em sun\u010danom danu<br \/>\nJedno pakiranje sadr\u017ei 20 kom<\/p>","protected":false},"excerpt":{"rendered":"<p>BALONI VODENE BOMBE 20\/1 Ovi baloni izra\u0111eni su od 100% prirodnog lateksa i u potpunosti po\u0161tuju okoli\u0161, laboratorijski testovi dokazuju njihovu biorazgradivost i certificiraju ih na tr\u017ei\u0161tu Na\u0161e &#8220;Vodene bombe&#8221; posebna su vrsta balona savr\u0161enih za dr\u017eanje vode Obi\u010dno se koriste tijekom ljeta za \u0161ale ili organizirane ratove vodenim balonima Ovaj proizvod je savr\u0161en za [&hellip;]<\/p>","protected":false},"featured_media":505,"comment_status":"open","ping_status":"closed","template":"","meta":{"_sitemap_exclude":false,"_sitemap_priority":"","_sitemap_frequency":""},"product_brand":[],"product_cat":[32,31],"product_tag":[],"class_list":{"0":"post-400","1":"product","2":"type-product","3":"status-publish","4":"has-post-thumbnail","6":"product_cat-party-program","7":"product_cat-revolt-party-baloni","9":"first","10":"instock","11":"taxable","12":"shipping-taxable","13":"purchasable","14":"product-type-simple"},"_links":{"self":[{"href":"https:\/\/www.mikrotrgovina.hr\/en\/wp-json\/wp\/v2\/product\/400","targetHints":{"allow":["GET"]}}],"collection":[{"href":"https:\/\/www.mikrotrgovina.hr\/en\/wp-json\/wp\/v2\/product"}],"about":[{"href":"https:\/\/www.mikrotrgovina.hr\/en\/wp-json\/wp\/v2\/types\/product"}],"replies":[{"embeddable":true,"href":"https:\/\/www.mikrotrgovina.hr\/en\/wp-json\/wp\/v2\/comments?post=400"}],"wp:featuredmedia":[{"embeddable":true,"href":"https:\/\/www.mikrotrgovina.hr\/en\/wp-json\/wp\/v2\/media\/505"}],"wp:attachment":[{"href":"https:\/\/www.mikrotrgovina.hr\/en\/wp-json\/wp\/v2\/media?parent=400"}],"wp:term":[{"taxonomy":"product_brand","embeddable":true,"href":"https:\/\/www.mikrotrgovina.hr\/en\/wp-json\/wp\/v2\/product_brand?post=400"},{"taxonomy":"product_cat","embeddable":true,"href":"https:\/\/www.mikrotrgovina.hr\/en\/wp-json\/wp\/v2\/product_cat?post=400"},{"taxonomy":"product_tag","embeddable":true,"href":"https:\/\/www.mikrotrgovina.hr\/en\/wp-json\/wp\/v2\/product_tag?post=400"}],"curies":[{"name":"wp","href":"https:\/\/api.w.org\/{rel}","templated":true}]}}