{"id":395,"date":"2022-09-05T12:38:57","date_gmt":"2022-09-05T12:38:57","guid":{"rendered":"https:\/\/www.mikrotrgovina.hr\/?post_type=product&#038;p=395"},"modified":"2025-10-07T20:52:16","modified_gmt":"2025-10-07T20:52:16","slug":"gastro-podlozak-zlato-30x","status":"publish","type":"product","link":"https:\/\/www.mikrotrgovina.hr\/en\/proizvodi\/gastro-podlozak-zlato-30x\/","title":{"rendered":"GASTRO PODLO\u017dAK ZLATNI 30&#215;40  cm 1\/1"},"content":{"rendered":"<p>GASTRO PODLO\u017dAK ZLATO\/CRNO 30&#215;40 cm 1\/1<br \/>\nPodlo\u017eak sa zlatnom i crnom ili sivom stranom ima dvostruku osobnost koja se prilago\u0111ava svakom ukusu i situaciji<br \/>\nIznimno otporan i prakti\u010dan<br \/>\nProizvod je u skladu s va\u017ee\u0107im propisima o prikladnosti za direktan kontakt s hranom, zajedno s certifikatom, tehni\u010dkim podacima i sljedivosti<\/p>\n<p>*slike su informativnog karaktera te ne moraju u potpunosti odgovarati stvarnom izgledu proizvoda<\/p>","protected":false},"excerpt":{"rendered":"<p>GASTRO PODLO\u017dAK ZLATO\/CRNO 30&#215;40 cm 1\/1 Podlo\u017eak sa zlatnom i crnom ili sivom stranom ima dvostruku osobnost koja se prilago\u0111ava svakom ukusu i situaciji Iznimno otporan i prakti\u010dan Proizvod je u skladu s va\u017ee\u0107im propisima o prikladnosti za direktan kontakt s hranom, zajedno s certifikatom, tehni\u010dkim podacima i sljedivosti *slike su informativnog karaktera te ne [&hellip;]<\/p>","protected":false},"featured_media":1810,"comment_status":"open","ping_status":"closed","template":"","meta":{"_sitemap_exclude":false,"_sitemap_priority":"","_sitemap_frequency":""},"product_brand":[],"product_cat":[40],"product_tag":[],"class_list":{"0":"post-395","1":"product","2":"type-product","3":"status-publish","4":"has-post-thumbnail","6":"product_cat-kartonske-zlatne-tacne-i-podmetaci-za-torte-i-kolace","8":"first","9":"instock","10":"taxable","11":"shipping-taxable","12":"purchasable","13":"product-type-simple"},"_links":{"self":[{"href":"https:\/\/www.mikrotrgovina.hr\/en\/wp-json\/wp\/v2\/product\/395","targetHints":{"allow":["GET"]}}],"collection":[{"href":"https:\/\/www.mikrotrgovina.hr\/en\/wp-json\/wp\/v2\/product"}],"about":[{"href":"https:\/\/www.mikrotrgovina.hr\/en\/wp-json\/wp\/v2\/types\/product"}],"replies":[{"embeddable":true,"href":"https:\/\/www.mikrotrgovina.hr\/en\/wp-json\/wp\/v2\/comments?post=395"}],"wp:featuredmedia":[{"embeddable":true,"href":"https:\/\/www.mikrotrgovina.hr\/en\/wp-json\/wp\/v2\/media\/1810"}],"wp:attachment":[{"href":"https:\/\/www.mikrotrgovina.hr\/en\/wp-json\/wp\/v2\/media?parent=395"}],"wp:term":[{"taxonomy":"product_brand","embeddable":true,"href":"https:\/\/www.mikrotrgovina.hr\/en\/wp-json\/wp\/v2\/product_brand?post=395"},{"taxonomy":"product_cat","embeddable":true,"href":"https:\/\/www.mikrotrgovina.hr\/en\/wp-json\/wp\/v2\/product_cat?post=395"},{"taxonomy":"product_tag","embeddable":true,"href":"https:\/\/www.mikrotrgovina.hr\/en\/wp-json\/wp\/v2\/product_tag?post=395"}],"curies":[{"name":"wp","href":"https:\/\/api.w.org\/{rel}","templated":true}]}}