{"id":388,"date":"2022-07-17T07:02:25","date_gmt":"2022-07-17T07:02:25","guid":{"rendered":"https:\/\/www.mikrotrgovina.hr\/?post_type=product&#038;p=388"},"modified":"2024-08-23T05:25:58","modified_gmt":"2024-08-23T05:25:58","slug":"ugo-case-pl-03l-50-1-prozirn","status":"publish","type":"product","link":"https:\/\/www.mikrotrgovina.hr\/en\/proizvodi\/ugo-case-pl-03l-50-1-prozirn\/","title":{"rendered":"UGO \u010cA\u0160E PL. 0,3L 50\/1 PROZIRNE"},"content":{"rendered":"<p>UGO \u010cA\u0160E PL. 0,3L 50\/1 PROZIRNE<br \/>\nMaterijal: PP<br \/>\nVolumen: 300 ml<br \/>\n\u010ca\u0161e plasti\u010dne za jednokratnu upotrebu<br \/>\nJedno pakiranje sadr\u017ei 50 kom<\/p>","protected":false},"excerpt":{"rendered":"<p>UGO \u010cA\u0160E PL. 0,3L 50\/1 PROZIRNE Materijal: PP Volumen: 300 ml \u010ca\u0161e plasti\u010dne za jednokratnu upotrebu Jedno pakiranje sadr\u017ei 50 kom<\/p>","protected":false},"featured_media":619,"comment_status":"open","ping_status":"closed","template":"","meta":{"_sitemap_exclude":false,"_sitemap_priority":"","_sitemap_frequency":""},"product_brand":[],"product_cat":[36],"product_tag":[],"class_list":{"0":"post-388","1":"product","2":"type-product","3":"status-publish","4":"has-post-thumbnail","6":"product_cat-plasticne-case","8":"first","9":"instock","10":"taxable","11":"shipping-taxable","12":"purchasable","13":"product-type-simple"},"_links":{"self":[{"href":"https:\/\/www.mikrotrgovina.hr\/en\/wp-json\/wp\/v2\/product\/388","targetHints":{"allow":["GET"]}}],"collection":[{"href":"https:\/\/www.mikrotrgovina.hr\/en\/wp-json\/wp\/v2\/product"}],"about":[{"href":"https:\/\/www.mikrotrgovina.hr\/en\/wp-json\/wp\/v2\/types\/product"}],"replies":[{"embeddable":true,"href":"https:\/\/www.mikrotrgovina.hr\/en\/wp-json\/wp\/v2\/comments?post=388"}],"wp:featuredmedia":[{"embeddable":true,"href":"https:\/\/www.mikrotrgovina.hr\/en\/wp-json\/wp\/v2\/media\/619"}],"wp:attachment":[{"href":"https:\/\/www.mikrotrgovina.hr\/en\/wp-json\/wp\/v2\/media?parent=388"}],"wp:term":[{"taxonomy":"product_brand","embeddable":true,"href":"https:\/\/www.mikrotrgovina.hr\/en\/wp-json\/wp\/v2\/product_brand?post=388"},{"taxonomy":"product_cat","embeddable":true,"href":"https:\/\/www.mikrotrgovina.hr\/en\/wp-json\/wp\/v2\/product_cat?post=388"},{"taxonomy":"product_tag","embeddable":true,"href":"https:\/\/www.mikrotrgovina.hr\/en\/wp-json\/wp\/v2\/product_tag?post=388"}],"curies":[{"name":"wp","href":"https:\/\/api.w.org\/{rel}","templated":true}]}}