{"id":385,"date":"2022-07-17T06:35:49","date_gmt":"2022-07-17T06:35:49","guid":{"rendered":"https:\/\/www.mikrotrgovina.hr\/?post_type=product&#038;p=385"},"modified":"2025-06-28T08:57:01","modified_gmt":"2025-06-28T08:57:01","slug":"ugo-case-pl-05-l-50-1-prozir","status":"publish","type":"product","link":"https:\/\/www.mikrotrgovina.hr\/en\/proizvodi\/ugo-case-pl-05-l-50-1-prozir\/","title":{"rendered":"UGO \u010cA\u0160E PL. 0,5 L 50\/1 PROZIRNE"},"content":{"rendered":"<p>UGO \u010cA\u0160E PL. 0,5 L 50\/1 PROZIRNE<br \/>\nMaterijal: PP<br \/>\nVolumen: 500 ml<br \/>\n\u010ca\u0161e plasti\u010dne za jednokratnu upotrebu<br \/>\nJedno pakiranje sadr\u017ei 50 kom<\/p>","protected":false},"excerpt":{"rendered":"<p>UGO \u010cA\u0160E PL. 0,5 L 50\/1 PROZIRNE Materijal: PP Volumen: 500 ml \u010ca\u0161e plasti\u010dne za jednokratnu upotrebu Jedno pakiranje sadr\u017ei 50 kom<\/p>","protected":false},"featured_media":0,"comment_status":"open","ping_status":"closed","template":"","meta":{"_sitemap_exclude":false,"_sitemap_priority":"","_sitemap_frequency":""},"product_brand":[],"product_cat":[36],"product_tag":[],"class_list":{"0":"post-385","1":"product","2":"type-product","3":"status-publish","5":"product_cat-plasticne-case","7":"first","8":"instock","9":"taxable","10":"shipping-taxable","11":"purchasable","12":"product-type-simple"},"_links":{"self":[{"href":"https:\/\/www.mikrotrgovina.hr\/en\/wp-json\/wp\/v2\/product\/385","targetHints":{"allow":["GET"]}}],"collection":[{"href":"https:\/\/www.mikrotrgovina.hr\/en\/wp-json\/wp\/v2\/product"}],"about":[{"href":"https:\/\/www.mikrotrgovina.hr\/en\/wp-json\/wp\/v2\/types\/product"}],"replies":[{"embeddable":true,"href":"https:\/\/www.mikrotrgovina.hr\/en\/wp-json\/wp\/v2\/comments?post=385"}],"wp:attachment":[{"href":"https:\/\/www.mikrotrgovina.hr\/en\/wp-json\/wp\/v2\/media?parent=385"}],"wp:term":[{"taxonomy":"product_brand","embeddable":true,"href":"https:\/\/www.mikrotrgovina.hr\/en\/wp-json\/wp\/v2\/product_brand?post=385"},{"taxonomy":"product_cat","embeddable":true,"href":"https:\/\/www.mikrotrgovina.hr\/en\/wp-json\/wp\/v2\/product_cat?post=385"},{"taxonomy":"product_tag","embeddable":true,"href":"https:\/\/www.mikrotrgovina.hr\/en\/wp-json\/wp\/v2\/product_tag?post=385"}],"curies":[{"name":"wp","href":"https:\/\/api.w.org\/{rel}","templated":true}]}}