{"id":360,"date":"2022-07-17T07:34:15","date_gmt":"2022-07-17T07:34:15","guid":{"rendered":"https:\/\/www.mikrotrgovina.hr\/?post_type=product&#038;p=360"},"modified":"2024-08-23T05:28:21","modified_gmt":"2024-08-23T05:28:21","slug":"pap-vrecica-s-ruckama-240x140","status":"publish","type":"product","link":"https:\/\/www.mikrotrgovina.hr\/en\/proizvodi\/pap-vrecica-s-ruckama-240x140\/","title":{"rendered":"PAPIRNATA VRE\u0106ICA s RU\u010cKAMA 240x140x280 1\/1"},"content":{"rendered":"<p>ECO PAP. VRE\u0106ICA s RU\u010cKAMA 240x140x280 1\/1<br \/>\nBoja: Kraft<br \/>\nErgonomska ru\u010dka<br \/>\nIzra\u0111en od ekolo\u0161ki prihvatljivog i biorazgradivog papira<br \/>\nMo\u017ee se koristiti u razli\u010dite svrhe, idealno za pekare, fast food i restorane za van&#8230;.<\/p>","protected":false},"excerpt":{"rendered":"<p>ECO PAP. VRE\u0106ICA s RU\u010cKAMA 240x140x280 1\/1 Boja: Kraft Ergonomska ru\u010dka Izra\u0111en od ekolo\u0161ki prihvatljivog i biorazgradivog papira Mo\u017ee se koristiti u razli\u010dite svrhe, idealno za pekare, fast food i restorane za van&#8230;.<\/p>","protected":false},"featured_media":1156,"comment_status":"open","ping_status":"closed","template":"","meta":{"_sitemap_exclude":false,"_sitemap_priority":"","_sitemap_frequency":""},"product_brand":[],"product_cat":[15],"product_tag":[],"class_list":{"0":"post-360","1":"product","2":"type-product","3":"status-publish","4":"has-post-thumbnail","6":"product_cat-ambalaza-za-hranu-horeca","8":"first","9":"instock","10":"taxable","11":"shipping-taxable","12":"purchasable","13":"product-type-simple"},"_links":{"self":[{"href":"https:\/\/www.mikrotrgovina.hr\/en\/wp-json\/wp\/v2\/product\/360","targetHints":{"allow":["GET"]}}],"collection":[{"href":"https:\/\/www.mikrotrgovina.hr\/en\/wp-json\/wp\/v2\/product"}],"about":[{"href":"https:\/\/www.mikrotrgovina.hr\/en\/wp-json\/wp\/v2\/types\/product"}],"replies":[{"embeddable":true,"href":"https:\/\/www.mikrotrgovina.hr\/en\/wp-json\/wp\/v2\/comments?post=360"}],"wp:featuredmedia":[{"embeddable":true,"href":"https:\/\/www.mikrotrgovina.hr\/en\/wp-json\/wp\/v2\/media\/1156"}],"wp:attachment":[{"href":"https:\/\/www.mikrotrgovina.hr\/en\/wp-json\/wp\/v2\/media?parent=360"}],"wp:term":[{"taxonomy":"product_brand","embeddable":true,"href":"https:\/\/www.mikrotrgovina.hr\/en\/wp-json\/wp\/v2\/product_brand?post=360"},{"taxonomy":"product_cat","embeddable":true,"href":"https:\/\/www.mikrotrgovina.hr\/en\/wp-json\/wp\/v2\/product_cat?post=360"},{"taxonomy":"product_tag","embeddable":true,"href":"https:\/\/www.mikrotrgovina.hr\/en\/wp-json\/wp\/v2\/product_tag?post=360"}],"curies":[{"name":"wp","href":"https:\/\/api.w.org\/{rel}","templated":true}]}}