{"id":356,"date":"2022-06-06T08:17:54","date_gmt":"2022-06-06T08:17:54","guid":{"rendered":"https:\/\/www.mikrotrgovina.hr\/?post_type=product&#038;p=356"},"modified":"2024-09-06T10:45:56","modified_gmt":"2024-09-06T10:45:56","slug":"baloni-srca-4-1","status":"publish","type":"product","link":"https:\/\/www.mikrotrgovina.hr\/en\/proizvodi\/baloni-srca-4-1\/","title":{"rendered":"BALONI SRCA 4\/1"},"content":{"rendered":"<p>BALONI SRCA 4\/1<br \/>\nOvi baloni izra\u0111eni su od 100% prirodnog lateksa i u potpunosti po\u0161tuju okoli\u0161, laboratorijski testovi dokazuju njihovu biorazgradivost i certificiraju ih na tr\u017ei\u0161tu<br \/>\nLateks balon pogodan za punjenje zrakom ili helijem<br \/>\nJedno pakiranje sadr\u017ei 4 kom<\/p>\n<p>*slike su informativnog karaktera te ne moraju u potpunosti odgovarati stvarnom izgledu proizvoda<\/p>","protected":false},"excerpt":{"rendered":"<p>BALONI SRCA 4\/1 Ovi baloni izra\u0111eni su od 100% prirodnog lateksa i u potpunosti po\u0161tuju okoli\u0161, laboratorijski testovi dokazuju njihovu biorazgradivost i certificiraju ih na tr\u017ei\u0161tu Lateks balon pogodan za punjenje zrakom ili helijem Jedno pakiranje sadr\u017ei 4 kom *slike su informativnog karaktera te ne moraju u potpunosti odgovarati stvarnom izgledu proizvoda<\/p>","protected":false},"featured_media":2222,"comment_status":"open","ping_status":"closed","template":"","meta":{"_sitemap_exclude":false,"_sitemap_priority":"","_sitemap_frequency":""},"product_brand":[],"product_cat":[32,31],"product_tag":[],"class_list":{"0":"post-356","1":"product","2":"type-product","3":"status-publish","4":"has-post-thumbnail","6":"product_cat-party-program","7":"product_cat-revolt-party-baloni","9":"first","10":"instock","11":"taxable","12":"shipping-taxable","13":"purchasable","14":"product-type-simple"},"_links":{"self":[{"href":"https:\/\/www.mikrotrgovina.hr\/en\/wp-json\/wp\/v2\/product\/356","targetHints":{"allow":["GET"]}}],"collection":[{"href":"https:\/\/www.mikrotrgovina.hr\/en\/wp-json\/wp\/v2\/product"}],"about":[{"href":"https:\/\/www.mikrotrgovina.hr\/en\/wp-json\/wp\/v2\/types\/product"}],"replies":[{"embeddable":true,"href":"https:\/\/www.mikrotrgovina.hr\/en\/wp-json\/wp\/v2\/comments?post=356"}],"wp:featuredmedia":[{"embeddable":true,"href":"https:\/\/www.mikrotrgovina.hr\/en\/wp-json\/wp\/v2\/media\/2222"}],"wp:attachment":[{"href":"https:\/\/www.mikrotrgovina.hr\/en\/wp-json\/wp\/v2\/media?parent=356"}],"wp:term":[{"taxonomy":"product_brand","embeddable":true,"href":"https:\/\/www.mikrotrgovina.hr\/en\/wp-json\/wp\/v2\/product_brand?post=356"},{"taxonomy":"product_cat","embeddable":true,"href":"https:\/\/www.mikrotrgovina.hr\/en\/wp-json\/wp\/v2\/product_cat?post=356"},{"taxonomy":"product_tag","embeddable":true,"href":"https:\/\/www.mikrotrgovina.hr\/en\/wp-json\/wp\/v2\/product_tag?post=356"}],"curies":[{"name":"wp","href":"https:\/\/api.w.org\/{rel}","templated":true}]}}