{"id":329,"date":"2022-07-17T21:08:07","date_gmt":"2022-07-17T21:08:07","guid":{"rendered":"https:\/\/www.mikrotrgovina.hr\/?post_type=product&#038;p=329"},"modified":"2024-08-23T06:13:44","modified_gmt":"2024-08-23T06:13:44","slug":"eco-pap-masni-za-pom-frit-115x","status":"publish","type":"product","link":"https:\/\/www.mikrotrgovina.hr\/en\/proizvodi\/eco-pap-masni-za-pom-frit-115x\/","title":{"rendered":"ECO PAPIR MASNI za POMES FRITES 115&#215;100 3000\/1"},"content":{"rendered":"<p>ECO PAPIR MASNI za POM.FRIT.115&#215;100 mm 3000\/1<br \/>\nPrikladno za pomfrit<br \/>\nIzra\u0111en od bijelog papira koji se mo\u017ee kompostirati<br \/>\nEkolo\u0161ki prihvatljivo rje\u0161enje za uli\u010dnu i brzu hranu<br \/>\n100% recikliranje<br \/>\nJedan paket sadr\u017ei 3000 kom<\/p>","protected":false},"excerpt":{"rendered":"<p>ECO PAPIR MASNI za POM.FRIT.115&#215;100 mm 3000\/1 Prikladno za pomfrit Izra\u0111en od bijelog papira koji se mo\u017ee kompostirati Ekolo\u0161ki prihvatljivo rje\u0161enje za uli\u010dnu i brzu hranu 100% recikliranje Jedan paket sadr\u017ei 3000 kom<\/p>","protected":false},"featured_media":1642,"comment_status":"open","ping_status":"closed","template":"","meta":{"_sitemap_exclude":false,"_sitemap_priority":"","_sitemap_frequency":""},"product_brand":[],"product_cat":[15],"product_tag":[],"class_list":{"0":"post-329","1":"product","2":"type-product","3":"status-publish","4":"has-post-thumbnail","6":"product_cat-ambalaza-za-hranu-horeca","8":"first","9":"instock","10":"taxable","11":"shipping-taxable","12":"purchasable","13":"product-type-simple"},"_links":{"self":[{"href":"https:\/\/www.mikrotrgovina.hr\/en\/wp-json\/wp\/v2\/product\/329","targetHints":{"allow":["GET"]}}],"collection":[{"href":"https:\/\/www.mikrotrgovina.hr\/en\/wp-json\/wp\/v2\/product"}],"about":[{"href":"https:\/\/www.mikrotrgovina.hr\/en\/wp-json\/wp\/v2\/types\/product"}],"replies":[{"embeddable":true,"href":"https:\/\/www.mikrotrgovina.hr\/en\/wp-json\/wp\/v2\/comments?post=329"}],"wp:featuredmedia":[{"embeddable":true,"href":"https:\/\/www.mikrotrgovina.hr\/en\/wp-json\/wp\/v2\/media\/1642"}],"wp:attachment":[{"href":"https:\/\/www.mikrotrgovina.hr\/en\/wp-json\/wp\/v2\/media?parent=329"}],"wp:term":[{"taxonomy":"product_brand","embeddable":true,"href":"https:\/\/www.mikrotrgovina.hr\/en\/wp-json\/wp\/v2\/product_brand?post=329"},{"taxonomy":"product_cat","embeddable":true,"href":"https:\/\/www.mikrotrgovina.hr\/en\/wp-json\/wp\/v2\/product_cat?post=329"},{"taxonomy":"product_tag","embeddable":true,"href":"https:\/\/www.mikrotrgovina.hr\/en\/wp-json\/wp\/v2\/product_tag?post=329"}],"curies":[{"name":"wp","href":"https:\/\/api.w.org\/{rel}","templated":true}]}}