{"id":326,"date":"2022-07-18T19:04:09","date_gmt":"2022-07-18T19:04:09","guid":{"rendered":"https:\/\/www.mikrotrgovina.hr\/?post_type=product&#038;p=326"},"modified":"2024-08-01T10:32:04","modified_gmt":"2024-08-01T10:32:04","slug":"palacinke-za-van-250-1","status":"publish","type":"product","link":"https:\/\/www.mikrotrgovina.hr\/en\/proizvodi\/palacinke-za-van-250-1\/","title":{"rendered":"PALA\u010cINKE za VAN 250\/1"},"content":{"rendered":"<p>PALA\u010cINKE za VAN 250\/1<br \/>\nOvaj dr\u017ea\u010d za pala\u010dinke lako se sastavlja s jezi\u010dcem za zatvaranje.<br \/>\nKlasi\u010dnog konusnog je oblika,dok je unutarnja strana laminirana prozirnom PET folijom koja zadr\u017eava toplinu.<br \/>\nProizvod je u skladu s va\u017ee\u0107im propisima o prikladnosti za kontakt s hranom, zajedno s certifikatom, tehni\u010dkim podacima i sljedivosti<br \/>\nJedno pakiranje sadr\u017ei 250 kom<\/p>","protected":false},"excerpt":{"rendered":"<p>PALA\u010cINKE za VAN 250\/1 Ovaj dr\u017ea\u010d za pala\u010dinke lako se sastavlja s jezi\u010dcem za zatvaranje. Klasi\u010dnog konusnog je oblika,dok je unutarnja strana laminirana prozirnom PET folijom koja zadr\u017eava toplinu. Proizvod je u skladu s va\u017ee\u0107im propisima o prikladnosti za kontakt s hranom, zajedno s certifikatom, tehni\u010dkim podacima i sljedivosti Jedno pakiranje sadr\u017ei 250 kom<\/p>","protected":false},"featured_media":1664,"comment_status":"open","ping_status":"closed","template":"","meta":{"_sitemap_exclude":false,"_sitemap_priority":"","_sitemap_frequency":""},"product_brand":[],"product_cat":[19,15],"product_tag":[],"class_list":{"0":"post-326","1":"product","2":"type-product","3":"status-publish","4":"has-post-thumbnail","6":"product_cat-ambalaza-za-torte-i-kolace","7":"product_cat-ambalaza-za-hranu-horeca","9":"first","10":"instock","11":"taxable","12":"shipping-taxable","13":"purchasable","14":"product-type-simple"},"_links":{"self":[{"href":"https:\/\/www.mikrotrgovina.hr\/en\/wp-json\/wp\/v2\/product\/326","targetHints":{"allow":["GET"]}}],"collection":[{"href":"https:\/\/www.mikrotrgovina.hr\/en\/wp-json\/wp\/v2\/product"}],"about":[{"href":"https:\/\/www.mikrotrgovina.hr\/en\/wp-json\/wp\/v2\/types\/product"}],"replies":[{"embeddable":true,"href":"https:\/\/www.mikrotrgovina.hr\/en\/wp-json\/wp\/v2\/comments?post=326"}],"wp:featuredmedia":[{"embeddable":true,"href":"https:\/\/www.mikrotrgovina.hr\/en\/wp-json\/wp\/v2\/media\/1664"}],"wp:attachment":[{"href":"https:\/\/www.mikrotrgovina.hr\/en\/wp-json\/wp\/v2\/media?parent=326"}],"wp:term":[{"taxonomy":"product_brand","embeddable":true,"href":"https:\/\/www.mikrotrgovina.hr\/en\/wp-json\/wp\/v2\/product_brand?post=326"},{"taxonomy":"product_cat","embeddable":true,"href":"https:\/\/www.mikrotrgovina.hr\/en\/wp-json\/wp\/v2\/product_cat?post=326"},{"taxonomy":"product_tag","embeddable":true,"href":"https:\/\/www.mikrotrgovina.hr\/en\/wp-json\/wp\/v2\/product_tag?post=326"}],"curies":[{"name":"wp","href":"https:\/\/api.w.org\/{rel}","templated":true}]}}