{"id":323,"date":"2022-07-18T18:48:56","date_gmt":"2022-07-18T18:48:56","guid":{"rendered":"https:\/\/www.mikrotrgovina.hr\/?post_type=product&#038;p=323"},"modified":"2024-08-01T10:08:11","modified_gmt":"2024-08-01T10:08:11","slug":"podmetac-cipkasti-pap-30x40-cm","status":"publish","type":"product","link":"https:\/\/www.mikrotrgovina.hr\/en\/proizvodi\/podmetac-cipkasti-pap-30x40-cm\/","title":{"rendered":"PODMETA\u010c \u010cIPKASTI PAP. 30&#215;40 cm 100\/1"},"content":{"rendered":"<p>GASTRO PODMETA\u010c \u010cIPKASTI PAP.30&#215;40 cm 100\/1<br \/>\nPodmeta\u010d je od 60gramskog porculanskog papira, prilago\u0111en masnoj i toploj hrani<br \/>\nProizvod je u skladu s va\u017ee\u0107im propisima o prikladnosti za kontakt s hranom, zajedno s certifikatom, tehni\u010dkim podacima i sljedivosti<br \/>\nJedno pakiranje sadr\u017ei 100 kom<\/p>","protected":false},"excerpt":{"rendered":"<p>GASTRO PODMETA\u010c \u010cIPKASTI PAP.30&#215;40 cm 100\/1 Podmeta\u010d je od 60gramskog porculanskog papira, prilago\u0111en masnoj i toploj hrani Proizvod je u skladu s va\u017ee\u0107im propisima o prikladnosti za kontakt s hranom, zajedno s certifikatom, tehni\u010dkim podacima i sljedivosti Jedno pakiranje sadr\u017ei 100 kom<\/p>","protected":false},"featured_media":966,"comment_status":"open","ping_status":"closed","template":"","meta":{"_sitemap_exclude":false,"_sitemap_priority":"","_sitemap_frequency":""},"product_brand":[],"product_cat":[19,15],"product_tag":[],"class_list":{"0":"post-323","1":"product","2":"type-product","3":"status-publish","4":"has-post-thumbnail","6":"product_cat-ambalaza-za-torte-i-kolace","7":"product_cat-ambalaza-za-hranu-horeca","9":"first","10":"instock","11":"taxable","12":"shipping-taxable","13":"purchasable","14":"product-type-simple"},"_links":{"self":[{"href":"https:\/\/www.mikrotrgovina.hr\/en\/wp-json\/wp\/v2\/product\/323","targetHints":{"allow":["GET"]}}],"collection":[{"href":"https:\/\/www.mikrotrgovina.hr\/en\/wp-json\/wp\/v2\/product"}],"about":[{"href":"https:\/\/www.mikrotrgovina.hr\/en\/wp-json\/wp\/v2\/types\/product"}],"replies":[{"embeddable":true,"href":"https:\/\/www.mikrotrgovina.hr\/en\/wp-json\/wp\/v2\/comments?post=323"}],"wp:featuredmedia":[{"embeddable":true,"href":"https:\/\/www.mikrotrgovina.hr\/en\/wp-json\/wp\/v2\/media\/966"}],"wp:attachment":[{"href":"https:\/\/www.mikrotrgovina.hr\/en\/wp-json\/wp\/v2\/media?parent=323"}],"wp:term":[{"taxonomy":"product_brand","embeddable":true,"href":"https:\/\/www.mikrotrgovina.hr\/en\/wp-json\/wp\/v2\/product_brand?post=323"},{"taxonomy":"product_cat","embeddable":true,"href":"https:\/\/www.mikrotrgovina.hr\/en\/wp-json\/wp\/v2\/product_cat?post=323"},{"taxonomy":"product_tag","embeddable":true,"href":"https:\/\/www.mikrotrgovina.hr\/en\/wp-json\/wp\/v2\/product_tag?post=323"}],"curies":[{"name":"wp","href":"https:\/\/api.w.org\/{rel}","templated":true}]}}