{"id":315,"date":"2022-10-05T10:23:44","date_gmt":"2022-10-05T10:23:44","guid":{"rendered":"https:\/\/www.mikrotrgovina.hr\/?post_type=product&#038;p=315"},"modified":"2024-10-22T08:42:44","modified_gmt":"2024-10-22T08:42:44","slug":"pap-kosarice-za-muffine-fi-9cm","status":"publish","type":"product","link":"https:\/\/www.mikrotrgovina.hr\/en\/proizvodi\/pap-kosarice-za-muffine-fi-9cm\/","title":{"rendered":"PAPIRNATE KO\u0160ARICE za MUFFINE fi 9 cm 1000\/1"},"content":{"rendered":"<p>GASTRO PAP.KO\u0160ARICE\u00a0za MUFFINE fi\u00a09\u00a0cm 1000\/1<br \/>\nSLP AESY papir za hranu zatvorenijeg oblika sa savr\u0161eno okomitim rubovima koji jam\u010de izvrsnu otpornost na vlagu i toplinu<br \/>\nProizvod je u skladu s va\u017ee\u0107im standardima koji se odnose na izravan kontakt s hranom i kompletni su s certifikatom, tehni\u010dkim podacima i sljedivosti<br \/>\nJedno pakiranje sadr\u017ei 1000 kom<\/p>\n<p>*slike su informativnog karaktera te ne moraju u potpunosti odgovarati stvarnom izgledu proizvoda<\/p>","protected":false},"excerpt":{"rendered":"<p>GASTRO PAP.KO\u0160ARICE\u00a0za MUFFINE fi\u00a09\u00a0cm 1000\/1 SLP AESY papir za hranu zatvorenijeg oblika sa savr\u0161eno okomitim rubovima koji jam\u010de izvrsnu otpornost na vlagu i toplinu Proizvod je u skladu s va\u017ee\u0107im standardima koji se odnose na izravan kontakt s hranom i kompletni su s certifikatom, tehni\u010dkim podacima i sljedivosti Jedno pakiranje sadr\u017ei 1000 kom *slike su [&hellip;]<\/p>","protected":false},"featured_media":1657,"comment_status":"open","ping_status":"closed","template":"","meta":{"_sitemap_exclude":false,"_sitemap_priority":"","_sitemap_frequency":""},"product_brand":[],"product_cat":[19],"product_tag":[],"class_list":{"0":"post-315","1":"product","2":"type-product","3":"status-publish","4":"has-post-thumbnail","6":"product_cat-ambalaza-za-torte-i-kolace","8":"first","9":"instock","10":"taxable","11":"shipping-taxable","12":"purchasable","13":"product-type-simple"},"_links":{"self":[{"href":"https:\/\/www.mikrotrgovina.hr\/en\/wp-json\/wp\/v2\/product\/315","targetHints":{"allow":["GET"]}}],"collection":[{"href":"https:\/\/www.mikrotrgovina.hr\/en\/wp-json\/wp\/v2\/product"}],"about":[{"href":"https:\/\/www.mikrotrgovina.hr\/en\/wp-json\/wp\/v2\/types\/product"}],"replies":[{"embeddable":true,"href":"https:\/\/www.mikrotrgovina.hr\/en\/wp-json\/wp\/v2\/comments?post=315"}],"wp:featuredmedia":[{"embeddable":true,"href":"https:\/\/www.mikrotrgovina.hr\/en\/wp-json\/wp\/v2\/media\/1657"}],"wp:attachment":[{"href":"https:\/\/www.mikrotrgovina.hr\/en\/wp-json\/wp\/v2\/media?parent=315"}],"wp:term":[{"taxonomy":"product_brand","embeddable":true,"href":"https:\/\/www.mikrotrgovina.hr\/en\/wp-json\/wp\/v2\/product_brand?post=315"},{"taxonomy":"product_cat","embeddable":true,"href":"https:\/\/www.mikrotrgovina.hr\/en\/wp-json\/wp\/v2\/product_cat?post=315"},{"taxonomy":"product_tag","embeddable":true,"href":"https:\/\/www.mikrotrgovina.hr\/en\/wp-json\/wp\/v2\/product_tag?post=315"}],"curies":[{"name":"wp","href":"https:\/\/api.w.org\/{rel}","templated":true}]}}