{"id":307,"date":"2022-07-17T17:50:19","date_gmt":"2022-07-17T17:50:19","guid":{"rendered":"https:\/\/www.mikrotrgovina.hr\/?post_type=product&#038;p=307"},"modified":"2025-08-06T12:37:18","modified_gmt":"2025-08-06T12:37:18","slug":"eco-kutija-za-pizzu-250x250x40","status":"publish","type":"product","link":"https:\/\/www.mikrotrgovina.hr\/en\/proizvodi\/eco-kutija-za-pizzu-250x250x40\/","title":{"rendered":"ECO KUTIJA za PIZZU 250x250x40 50\/1"},"content":{"rendered":"<p>ECO KUTIJA za PIZZU 250x250x40 mm  50\/1<br \/>\nMaterijal: mikrovaloviti karton<br \/>\nSavr\u0161eno za dostavu pizze<br \/>\nBrza monta\u017ea<br \/>\n100% biorazgradivo pakiranje<br \/>\nJedno pakiranje sadr\u017ei 50 kom<\/p>\n<p>*slike su informativnog karaktera te ne moraju u potpunosti odgovarati stvarnom izgledu proizvoda<\/p>","protected":false},"excerpt":{"rendered":"<p>ECO KUTIJA za PIZZU 250x250x40 mm 50\/1 Materijal: mikrovaloviti karton Savr\u0161eno za dostavu pizze Brza monta\u017ea 100% biorazgradivo pakiranje Jedno pakiranje sadr\u017ei 50 kom *slike su informativnog karaktera te ne moraju u potpunosti odgovarati stvarnom izgledu proizvoda<\/p>","protected":false},"featured_media":1631,"comment_status":"open","ping_status":"closed","template":"","meta":{"_sitemap_exclude":false,"_sitemap_priority":"","_sitemap_frequency":""},"product_brand":[],"product_cat":[15],"product_tag":[],"class_list":{"0":"post-307","1":"product","2":"type-product","3":"status-publish","4":"has-post-thumbnail","6":"product_cat-ambalaza-za-hranu-horeca","8":"first","9":"instock","10":"taxable","11":"shipping-taxable","12":"purchasable","13":"product-type-simple"},"_links":{"self":[{"href":"https:\/\/www.mikrotrgovina.hr\/en\/wp-json\/wp\/v2\/product\/307","targetHints":{"allow":["GET"]}}],"collection":[{"href":"https:\/\/www.mikrotrgovina.hr\/en\/wp-json\/wp\/v2\/product"}],"about":[{"href":"https:\/\/www.mikrotrgovina.hr\/en\/wp-json\/wp\/v2\/types\/product"}],"replies":[{"embeddable":true,"href":"https:\/\/www.mikrotrgovina.hr\/en\/wp-json\/wp\/v2\/comments?post=307"}],"wp:featuredmedia":[{"embeddable":true,"href":"https:\/\/www.mikrotrgovina.hr\/en\/wp-json\/wp\/v2\/media\/1631"}],"wp:attachment":[{"href":"https:\/\/www.mikrotrgovina.hr\/en\/wp-json\/wp\/v2\/media?parent=307"}],"wp:term":[{"taxonomy":"product_brand","embeddable":true,"href":"https:\/\/www.mikrotrgovina.hr\/en\/wp-json\/wp\/v2\/product_brand?post=307"},{"taxonomy":"product_cat","embeddable":true,"href":"https:\/\/www.mikrotrgovina.hr\/en\/wp-json\/wp\/v2\/product_cat?post=307"},{"taxonomy":"product_tag","embeddable":true,"href":"https:\/\/www.mikrotrgovina.hr\/en\/wp-json\/wp\/v2\/product_tag?post=307"}],"curies":[{"name":"wp","href":"https:\/\/api.w.org\/{rel}","templated":true}]}}