{"id":306,"date":"2022-07-17T17:48:13","date_gmt":"2022-07-17T17:48:13","guid":{"rendered":"https:\/\/www.mikrotrgovina.hr\/?post_type=product&#038;p=306"},"modified":"2025-01-08T19:15:38","modified_gmt":"2025-01-08T19:15:38","slug":"eco-kutijica-za-f-food-s-115x","status":"publish","type":"product","link":"https:\/\/www.mikrotrgovina.hr\/en\/proizvodi\/eco-kutijica-za-f-food-s-115x\/","title":{"rendered":"ECO KUTIJICA za FAST FOOD S 115x75x45 25\/1"},"content":{"rendered":"<p>ECO KUTIJICA za FAST FOOD &#8220;S&#8221; 115x75x45 25\/1<br \/>\nIzra\u0111eno od obnovljivih izvora<br \/>\nEkolo\u0161ki prihvatljivo pakiranje<br \/>\nBrza monta\u017ea<br \/>\nNelaminirano<br \/>\nIdealno za uli\u010dnu hranu i restorane brze hrane<br \/>\nJedno pakiranje sadr\u017ei 25 kom<\/p>","protected":false},"excerpt":{"rendered":"<p>ECO KUTIJICA za FAST FOOD &#8220;S&#8221; 115x75x45 25\/1 Izra\u0111eno od obnovljivih izvora Ekolo\u0161ki prihvatljivo pakiranje Brza monta\u017ea Nelaminirano Idealno za uli\u010dnu hranu i restorane brze hrane Jedno pakiranje sadr\u017ei 25 kom<\/p>","protected":false},"featured_media":1630,"comment_status":"open","ping_status":"closed","template":"","meta":{"_sitemap_exclude":false,"_sitemap_priority":"","_sitemap_frequency":""},"product_brand":[],"product_cat":[15],"product_tag":[],"class_list":{"0":"post-306","1":"product","2":"type-product","3":"status-publish","4":"has-post-thumbnail","6":"product_cat-ambalaza-za-hranu-horeca","8":"first","9":"instock","10":"taxable","11":"shipping-taxable","12":"purchasable","13":"product-type-simple"},"_links":{"self":[{"href":"https:\/\/www.mikrotrgovina.hr\/en\/wp-json\/wp\/v2\/product\/306","targetHints":{"allow":["GET"]}}],"collection":[{"href":"https:\/\/www.mikrotrgovina.hr\/en\/wp-json\/wp\/v2\/product"}],"about":[{"href":"https:\/\/www.mikrotrgovina.hr\/en\/wp-json\/wp\/v2\/types\/product"}],"replies":[{"embeddable":true,"href":"https:\/\/www.mikrotrgovina.hr\/en\/wp-json\/wp\/v2\/comments?post=306"}],"wp:featuredmedia":[{"embeddable":true,"href":"https:\/\/www.mikrotrgovina.hr\/en\/wp-json\/wp\/v2\/media\/1630"}],"wp:attachment":[{"href":"https:\/\/www.mikrotrgovina.hr\/en\/wp-json\/wp\/v2\/media?parent=306"}],"wp:term":[{"taxonomy":"product_brand","embeddable":true,"href":"https:\/\/www.mikrotrgovina.hr\/en\/wp-json\/wp\/v2\/product_brand?post=306"},{"taxonomy":"product_cat","embeddable":true,"href":"https:\/\/www.mikrotrgovina.hr\/en\/wp-json\/wp\/v2\/product_cat?post=306"},{"taxonomy":"product_tag","embeddable":true,"href":"https:\/\/www.mikrotrgovina.hr\/en\/wp-json\/wp\/v2\/product_tag?post=306"}],"curies":[{"name":"wp","href":"https:\/\/api.w.org\/{rel}","templated":true}]}}