{"id":303,"date":"2022-11-08T13:12:29","date_gmt":"2022-11-08T13:12:29","guid":{"rendered":"https:\/\/www.mikrotrgovina.hr\/?post_type=product&#038;p=303"},"modified":"2024-10-22T08:42:44","modified_gmt":"2024-10-22T08:42:44","slug":"eco-posuda-za-juhu-s-pokl-sm-3","status":"publish","type":"product","link":"https:\/\/www.mikrotrgovina.hr\/en\/proizvodi\/eco-posuda-za-juhu-s-pokl-sm-3\/","title":{"rendered":"ECO POSUDA za JUHU s POKLOPCEM  KRAFT 370ml 25\/1"},"content":{"rendered":"<p>ECO POSUDA za JUHU s POKLOPCEM SME\u0110A 370ml 25\/1<br \/>\nIdealno rje\u0161enje za pakiranje tople i hladne hrane<br \/>\nSadr\u017ei poseban poklopac s otvorima za ispu\u0161tanje pare<br \/>\nPogodan za kori\u0161tenje u mikrovalnoj pe\u0107nici<br \/>\nIzra\u0111ena od biorazgradivog kartona otpornog na vodu<br \/>\nPakiranje sadr\u017ei 25 kom<\/p>\n<p>*slike su informativnog karaktera te ne moraju u potpunosti odgovarati stvarnom izgledu proizvoda<\/p>","protected":false},"excerpt":{"rendered":"<p>ECO POSUDA za JUHU s POKLOPCEM SME\u0110A 370ml 25\/1 Idealno rje\u0161enje za pakiranje tople i hladne hrane Sadr\u017ei poseban poklopac s otvorima za ispu\u0161tanje pare Pogodan za kori\u0161tenje u mikrovalnoj pe\u0107nici Izra\u0111ena od biorazgradivog kartona otpornog na vodu Pakiranje sadr\u017ei 25 kom *slike su informativnog karaktera te ne moraju u potpunosti odgovarati stvarnom izgledu proizvoda<\/p>","protected":false},"featured_media":997,"comment_status":"open","ping_status":"closed","template":"","meta":{"_sitemap_exclude":false,"_sitemap_priority":"","_sitemap_frequency":""},"product_brand":[],"product_cat":[15,20],"product_tag":[],"class_list":{"0":"post-303","1":"product","2":"type-product","3":"status-publish","4":"has-post-thumbnail","6":"product_cat-ambalaza-za-hranu-horeca","7":"product_cat-ambalaza-za-wok-juhe-salate","9":"first","10":"instock","11":"taxable","12":"shipping-taxable","13":"purchasable","14":"product-type-simple"},"_links":{"self":[{"href":"https:\/\/www.mikrotrgovina.hr\/en\/wp-json\/wp\/v2\/product\/303","targetHints":{"allow":["GET"]}}],"collection":[{"href":"https:\/\/www.mikrotrgovina.hr\/en\/wp-json\/wp\/v2\/product"}],"about":[{"href":"https:\/\/www.mikrotrgovina.hr\/en\/wp-json\/wp\/v2\/types\/product"}],"replies":[{"embeddable":true,"href":"https:\/\/www.mikrotrgovina.hr\/en\/wp-json\/wp\/v2\/comments?post=303"}],"wp:featuredmedia":[{"embeddable":true,"href":"https:\/\/www.mikrotrgovina.hr\/en\/wp-json\/wp\/v2\/media\/997"}],"wp:attachment":[{"href":"https:\/\/www.mikrotrgovina.hr\/en\/wp-json\/wp\/v2\/media?parent=303"}],"wp:term":[{"taxonomy":"product_brand","embeddable":true,"href":"https:\/\/www.mikrotrgovina.hr\/en\/wp-json\/wp\/v2\/product_brand?post=303"},{"taxonomy":"product_cat","embeddable":true,"href":"https:\/\/www.mikrotrgovina.hr\/en\/wp-json\/wp\/v2\/product_cat?post=303"},{"taxonomy":"product_tag","embeddable":true,"href":"https:\/\/www.mikrotrgovina.hr\/en\/wp-json\/wp\/v2\/product_tag?post=303"}],"curies":[{"name":"wp","href":"https:\/\/api.w.org\/{rel}","templated":true}]}}