{"id":300,"date":"2022-07-18T06:16:01","date_gmt":"2022-07-18T06:16:01","guid":{"rendered":"https:\/\/www.mikrotrgovina.hr\/?post_type=product&#038;p=300"},"modified":"2024-08-01T10:24:04","modified_gmt":"2024-08-01T10:24:04","slug":"eco-zdjela-za-salatu-pk-1300ml","status":"publish","type":"product","link":"https:\/\/www.mikrotrgovina.hr\/en\/proizvodi\/eco-zdjela-za-salatu-pk-1300ml\/","title":{"rendered":"ECO ZDJELA za SALATU PK 1300ml 40\/1"},"content":{"rendered":"<p>ECO ZDJELA za SALATU PK 1300ml 40\/1<br \/>\nIdealno rje\u0161enje za pakiranje tople i hladne hrane<br \/>\nPrikladno za mikrovalnu pe\u0107nicu (bez poklopca)<br \/>\nOtporan na vodu(bez curenja)<br \/>\nProzirni poklopac za dobru vidljivost proizvoda<br \/>\nPosuda se isporu\u010duje sastavljena i spremna za upotrebu<br \/>\nSavr\u0161eno rje\u0161enje za restorane, fast food, catering&#8230;<br \/>\nJedno pakiranje sadr\u017ei 40 kom<\/p>","protected":false},"excerpt":{"rendered":"<p>ECO ZDJELA za SALATU PK 1300ml 40\/1 Idealno rje\u0161enje za pakiranje tople i hladne hrane Prikladno za mikrovalnu pe\u0107nicu (bez poklopca) Otporan na vodu(bez curenja) Prozirni poklopac za dobru vidljivost proizvoda Posuda se isporu\u010duje sastavljena i spremna za upotrebu Savr\u0161eno rje\u0161enje za restorane, fast food, catering&#8230; Jedno pakiranje sadr\u017ei 40 kom<\/p>","protected":false},"featured_media":1646,"comment_status":"open","ping_status":"closed","template":"","meta":{"_sitemap_exclude":false,"_sitemap_priority":"","_sitemap_frequency":""},"product_brand":[],"product_cat":[15,20],"product_tag":[],"class_list":{"0":"post-300","1":"product","2":"type-product","3":"status-publish","4":"has-post-thumbnail","6":"product_cat-ambalaza-za-hranu-horeca","7":"product_cat-ambalaza-za-wok-juhe-salate","9":"first","10":"instock","11":"taxable","12":"shipping-taxable","13":"purchasable","14":"product-type-simple"},"_links":{"self":[{"href":"https:\/\/www.mikrotrgovina.hr\/en\/wp-json\/wp\/v2\/product\/300","targetHints":{"allow":["GET"]}}],"collection":[{"href":"https:\/\/www.mikrotrgovina.hr\/en\/wp-json\/wp\/v2\/product"}],"about":[{"href":"https:\/\/www.mikrotrgovina.hr\/en\/wp-json\/wp\/v2\/types\/product"}],"replies":[{"embeddable":true,"href":"https:\/\/www.mikrotrgovina.hr\/en\/wp-json\/wp\/v2\/comments?post=300"}],"wp:featuredmedia":[{"embeddable":true,"href":"https:\/\/www.mikrotrgovina.hr\/en\/wp-json\/wp\/v2\/media\/1646"}],"wp:attachment":[{"href":"https:\/\/www.mikrotrgovina.hr\/en\/wp-json\/wp\/v2\/media?parent=300"}],"wp:term":[{"taxonomy":"product_brand","embeddable":true,"href":"https:\/\/www.mikrotrgovina.hr\/en\/wp-json\/wp\/v2\/product_brand?post=300"},{"taxonomy":"product_cat","embeddable":true,"href":"https:\/\/www.mikrotrgovina.hr\/en\/wp-json\/wp\/v2\/product_cat?post=300"},{"taxonomy":"product_tag","embeddable":true,"href":"https:\/\/www.mikrotrgovina.hr\/en\/wp-json\/wp\/v2\/product_tag?post=300"}],"curies":[{"name":"wp","href":"https:\/\/api.w.org\/{rel}","templated":true}]}}