{"id":296,"date":"2022-07-18T06:09:14","date_gmt":"2022-07-18T06:09:14","guid":{"rendered":"https:\/\/www.mikrotrgovina.hr\/?post_type=product&#038;p=296"},"modified":"2025-08-06T12:30:43","modified_gmt":"2025-08-06T12:30:43","slug":"eco-kut-za-sandwich-40-130x13","status":"publish","type":"product","link":"https:\/\/www.mikrotrgovina.hr\/en\/proizvodi\/eco-kut-za-sandwich-40-130x13\/","title":{"rendered":"ECO KUTIJA za SANDWICH 40 130x130x40 50\/1"},"content":{"rendered":"<p>ECO KUTIJA za SANDWICH 40 130x130x40 cm 50\/1<br \/>\nAtraktivna prezentacija hrane zbog prozirnog prozora<br \/>\nSigurno kori\u0161tenje u mikrovalnoj pe\u0107nici<br \/>\nProizvod se isporu\u010duje ravan, potreban je minimalan prostor za skladi\u0161tenje<br \/>\nSavr\u0161eno rje\u0161enje za delikatese, ugostiteljske usluge, supermarkete, kafi\u0107e&#8230;<br \/>\nJedno pakiranje sadr\u017ei 50 kom<\/p>\n<p>*slike su informativnog karaktera te ne moraju u potpunosti odgovarati stvarnom izgledu proizvoda<\/p>","protected":false},"excerpt":{"rendered":"<p>ECO KUTIJA za SANDWICH 40 130x130x40 cm 50\/1 Atraktivna prezentacija hrane zbog prozirnog prozora Sigurno kori\u0161tenje u mikrovalnoj pe\u0107nici Proizvod se isporu\u010duje ravan, potreban je minimalan prostor za skladi\u0161tenje Savr\u0161eno rje\u0161enje za delikatese, ugostiteljske usluge, supermarkete, kafi\u0107e&#8230; Jedno pakiranje sadr\u017ei 50 kom *slike su informativnog karaktera te ne moraju u potpunosti odgovarati stvarnom izgledu proizvoda<\/p>","protected":false},"featured_media":697,"comment_status":"open","ping_status":"closed","template":"","meta":{"_sitemap_exclude":false,"_sitemap_priority":"","_sitemap_frequency":""},"product_brand":[],"product_cat":[15],"product_tag":[],"class_list":{"0":"post-296","1":"product","2":"type-product","3":"status-publish","4":"has-post-thumbnail","6":"product_cat-ambalaza-za-hranu-horeca","8":"first","9":"instock","10":"taxable","11":"shipping-taxable","12":"purchasable","13":"product-type-simple"},"_links":{"self":[{"href":"https:\/\/www.mikrotrgovina.hr\/en\/wp-json\/wp\/v2\/product\/296","targetHints":{"allow":["GET"]}}],"collection":[{"href":"https:\/\/www.mikrotrgovina.hr\/en\/wp-json\/wp\/v2\/product"}],"about":[{"href":"https:\/\/www.mikrotrgovina.hr\/en\/wp-json\/wp\/v2\/types\/product"}],"replies":[{"embeddable":true,"href":"https:\/\/www.mikrotrgovina.hr\/en\/wp-json\/wp\/v2\/comments?post=296"}],"wp:featuredmedia":[{"embeddable":true,"href":"https:\/\/www.mikrotrgovina.hr\/en\/wp-json\/wp\/v2\/media\/697"}],"wp:attachment":[{"href":"https:\/\/www.mikrotrgovina.hr\/en\/wp-json\/wp\/v2\/media?parent=296"}],"wp:term":[{"taxonomy":"product_brand","embeddable":true,"href":"https:\/\/www.mikrotrgovina.hr\/en\/wp-json\/wp\/v2\/product_brand?post=296"},{"taxonomy":"product_cat","embeddable":true,"href":"https:\/\/www.mikrotrgovina.hr\/en\/wp-json\/wp\/v2\/product_cat?post=296"},{"taxonomy":"product_tag","embeddable":true,"href":"https:\/\/www.mikrotrgovina.hr\/en\/wp-json\/wp\/v2\/product_tag?post=296"}],"curies":[{"name":"wp","href":"https:\/\/api.w.org\/{rel}","templated":true}]}}