{"id":280,"date":"2022-07-17T21:06:00","date_gmt":"2022-07-17T21:06:00","guid":{"rendered":"https:\/\/www.mikrotrgovina.hr\/?post_type=product&#038;p=280"},"modified":"2024-08-01T10:05:21","modified_gmt":"2024-08-01T10:05:21","slug":"eco-kutija-za-tjesteninu-800ml","status":"publish","type":"product","link":"https:\/\/www.mikrotrgovina.hr\/en\/proizvodi\/eco-kutija-za-tjesteninu-800ml\/","title":{"rendered":"ECO KUTIJA za TJESTENINU 800ml 50\/1"},"content":{"rendered":"<p>ECO KUTIJA za TJESTENINU 800ml 50\/1<br \/>\nAmbala\u017ea otporna na ulje i vodu<br \/>\nPogodna za hladne i tople tjestenine i salate<br \/>\nAtraktivan dizajn sa pet prozorom<br \/>\nMo\u017ee u mikrovalnu pe\u0107nicu (bez poklopca)<br \/>\nIsporu\u010duje se sastavljena i spremna za upotrebu<br \/>\nIdealno za kafi\u0107e, restorane itd.<br \/>\nJedno pakiranje sadr\u017ei 50 kom<\/p>","protected":false},"excerpt":{"rendered":"<p>ECO KUTIJA za TJESTENINU 800ml 50\/1 Ambala\u017ea otporna na ulje i vodu Pogodna za hladne i tople tjestenine i salate Atraktivan dizajn sa pet prozorom Mo\u017ee u mikrovalnu pe\u0107nicu (bez poklopca) Isporu\u010duje se sastavljena i spremna za upotrebu Idealno za kafi\u0107e, restorane itd. Jedno pakiranje sadr\u017ei 50 kom<\/p>","protected":false},"featured_media":1641,"comment_status":"open","ping_status":"closed","template":"","meta":{"_sitemap_exclude":false,"_sitemap_priority":"","_sitemap_frequency":""},"product_brand":[],"product_cat":[15,20],"product_tag":[],"class_list":{"0":"post-280","1":"product","2":"type-product","3":"status-publish","4":"has-post-thumbnail","6":"product_cat-ambalaza-za-hranu-horeca","7":"product_cat-ambalaza-za-wok-juhe-salate","9":"first","10":"instock","11":"taxable","12":"shipping-taxable","13":"purchasable","14":"product-type-simple"},"_links":{"self":[{"href":"https:\/\/www.mikrotrgovina.hr\/en\/wp-json\/wp\/v2\/product\/280","targetHints":{"allow":["GET"]}}],"collection":[{"href":"https:\/\/www.mikrotrgovina.hr\/en\/wp-json\/wp\/v2\/product"}],"about":[{"href":"https:\/\/www.mikrotrgovina.hr\/en\/wp-json\/wp\/v2\/types\/product"}],"replies":[{"embeddable":true,"href":"https:\/\/www.mikrotrgovina.hr\/en\/wp-json\/wp\/v2\/comments?post=280"}],"wp:featuredmedia":[{"embeddable":true,"href":"https:\/\/www.mikrotrgovina.hr\/en\/wp-json\/wp\/v2\/media\/1641"}],"wp:attachment":[{"href":"https:\/\/www.mikrotrgovina.hr\/en\/wp-json\/wp\/v2\/media?parent=280"}],"wp:term":[{"taxonomy":"product_brand","embeddable":true,"href":"https:\/\/www.mikrotrgovina.hr\/en\/wp-json\/wp\/v2\/product_brand?post=280"},{"taxonomy":"product_cat","embeddable":true,"href":"https:\/\/www.mikrotrgovina.hr\/en\/wp-json\/wp\/v2\/product_cat?post=280"},{"taxonomy":"product_tag","embeddable":true,"href":"https:\/\/www.mikrotrgovina.hr\/en\/wp-json\/wp\/v2\/product_tag?post=280"}],"curies":[{"name":"wp","href":"https:\/\/api.w.org\/{rel}","templated":true}]}}