{"id":273,"date":"2022-07-17T18:51:01","date_gmt":"2022-07-17T18:51:01","guid":{"rendered":"https:\/\/www.mikrotrgovina.hr\/?post_type=product&#038;p=273"},"modified":"2025-01-08T13:23:56","modified_gmt":"2025-01-08T13:23:56","slug":"eco-tortilla-box-s-proz-90x50","status":"publish","type":"product","link":"https:\/\/www.mikrotrgovina.hr\/en\/proizvodi\/eco-tortilla-box-s-proz-90x50\/","title":{"rendered":"ECO TORTILLA BOX  s PROZOROM  90x50x130 25\/1"},"content":{"rendered":"<p>ECO TORTILLA BOX s PROZOROM 90x50x130 25\/1<br \/>\nPotpuno nepropusno i vodootporno, te prikladno za mikrovalnu pe\u0107nicu<br \/>\nProzirni prozor za atraktivnu prezentaciju hrane<br \/>\nIzra\u0111eno od ekolo\u0161ki prihvatljivih resursa<br \/>\nProizvod se isporu\u010duje ravan, jednostavno za skladi\u0161tenje i sastavljanje<br \/>\nIdealno za kafi\u0107e, delikatese, catering usluge&#8230;<br \/>\nJedno pakiranje sadr\u017ei 25 kom<\/p>","protected":false},"excerpt":{"rendered":"<p>ECO TORTILLA BOX s PROZOROM 90x50x130 25\/1 Potpuno nepropusno i vodootporno, te prikladno za mikrovalnu pe\u0107nicu Prozirni prozor za atraktivnu prezentaciju hrane Izra\u0111eno od ekolo\u0161ki prihvatljivih resursa Proizvod se isporu\u010duje ravan, jednostavno za skladi\u0161tenje i sastavljanje Idealno za kafi\u0107e, delikatese, catering usluge&#8230; Jedno pakiranje sadr\u017ei 25 kom<\/p>","protected":false},"featured_media":1636,"comment_status":"open","ping_status":"closed","template":"","meta":{"_sitemap_exclude":false,"_sitemap_priority":"","_sitemap_frequency":""},"product_brand":[],"product_cat":[15],"product_tag":[],"class_list":{"0":"post-273","1":"product","2":"type-product","3":"status-publish","4":"has-post-thumbnail","6":"product_cat-ambalaza-za-hranu-horeca","8":"first","9":"instock","10":"sale","11":"taxable","12":"shipping-taxable","13":"purchasable","14":"product-type-simple"},"_links":{"self":[{"href":"https:\/\/www.mikrotrgovina.hr\/en\/wp-json\/wp\/v2\/product\/273","targetHints":{"allow":["GET"]}}],"collection":[{"href":"https:\/\/www.mikrotrgovina.hr\/en\/wp-json\/wp\/v2\/product"}],"about":[{"href":"https:\/\/www.mikrotrgovina.hr\/en\/wp-json\/wp\/v2\/types\/product"}],"replies":[{"embeddable":true,"href":"https:\/\/www.mikrotrgovina.hr\/en\/wp-json\/wp\/v2\/comments?post=273"}],"wp:featuredmedia":[{"embeddable":true,"href":"https:\/\/www.mikrotrgovina.hr\/en\/wp-json\/wp\/v2\/media\/1636"}],"wp:attachment":[{"href":"https:\/\/www.mikrotrgovina.hr\/en\/wp-json\/wp\/v2\/media?parent=273"}],"wp:term":[{"taxonomy":"product_brand","embeddable":true,"href":"https:\/\/www.mikrotrgovina.hr\/en\/wp-json\/wp\/v2\/product_brand?post=273"},{"taxonomy":"product_cat","embeddable":true,"href":"https:\/\/www.mikrotrgovina.hr\/en\/wp-json\/wp\/v2\/product_cat?post=273"},{"taxonomy":"product_tag","embeddable":true,"href":"https:\/\/www.mikrotrgovina.hr\/en\/wp-json\/wp\/v2\/product_tag?post=273"}],"curies":[{"name":"wp","href":"https:\/\/api.w.org\/{rel}","templated":true}]}}