{"id":270,"date":"2022-07-17T18:41:15","date_gmt":"2022-07-17T18:41:15","guid":{"rendered":"https:\/\/www.mikrotrgovina.hr\/?post_type=product&#038;p=270"},"modified":"2025-08-06T12:22:47","modified_gmt":"2025-08-06T12:22:47","slug":"eco-kut-za-salatu-500ml-165x1","status":"publish","type":"product","link":"https:\/\/www.mikrotrgovina.hr\/en\/proizvodi\/eco-kut-za-salatu-500ml-165x1\/","title":{"rendered":"ECO KUTIJA za SALATU 500ml 165x120x45 50\/1"},"content":{"rendered":"<p>ECO KUTIJA za SALATU 500ml 165x120x45 50\/1<br \/>\nIdealno rje\u0161enje za pakiranje tople i hladne hrane, poput salate ili tjestenine<br \/>\nPrikladno za mikrovalnu pe\u0107nicu (bez poklopca)<br \/>\nOtporan na vodu i ulje<br \/>\nProzirni poklopac za dobru vidljivost proizvoda<br \/>\nPosuda se isporu\u010duje sastavljena i spremna za upotrebu<br \/>\nSavr\u0161eno rje\u0161enje za restorane, fast food, catering&#8230;<br \/>\nJedno pakiranje sadr\u017ei 50 kom<\/p>\n<p>*slike su informativnog karaktera te ne moraju u potpunosti odgovarati stvarnom izgledu proizvoda<\/p>","protected":false},"excerpt":{"rendered":"<p>ECO KUTIJA za SALATU 500ml 165x120x45 50\/1 Idealno rje\u0161enje za pakiranje tople i hladne hrane, poput salate ili tjestenine Prikladno za mikrovalnu pe\u0107nicu (bez poklopca) Otporan na vodu i ulje Prozirni poklopac za dobru vidljivost proizvoda Posuda se isporu\u010duje sastavljena i spremna za upotrebu Savr\u0161eno rje\u0161enje za restorane, fast food, catering&#8230; Jedno pakiranje sadr\u017ei 50 [&hellip;]<\/p>","protected":false},"featured_media":1634,"comment_status":"open","ping_status":"closed","template":"","meta":{"_sitemap_exclude":false,"_sitemap_priority":"","_sitemap_frequency":""},"product_brand":[],"product_cat":[22,19,15],"product_tag":[],"class_list":{"0":"post-270","1":"product","2":"type-product","3":"status-publish","4":"has-post-thumbnail","6":"product_cat-ambalaza-za-sushi-i-noodles","7":"product_cat-ambalaza-za-torte-i-kolace","8":"product_cat-ambalaza-za-hranu-horeca","10":"first","11":"outofstock","12":"taxable","13":"shipping-taxable","14":"purchasable","15":"product-type-simple"},"_links":{"self":[{"href":"https:\/\/www.mikrotrgovina.hr\/en\/wp-json\/wp\/v2\/product\/270","targetHints":{"allow":["GET"]}}],"collection":[{"href":"https:\/\/www.mikrotrgovina.hr\/en\/wp-json\/wp\/v2\/product"}],"about":[{"href":"https:\/\/www.mikrotrgovina.hr\/en\/wp-json\/wp\/v2\/types\/product"}],"replies":[{"embeddable":true,"href":"https:\/\/www.mikrotrgovina.hr\/en\/wp-json\/wp\/v2\/comments?post=270"}],"wp:featuredmedia":[{"embeddable":true,"href":"https:\/\/www.mikrotrgovina.hr\/en\/wp-json\/wp\/v2\/media\/1634"}],"wp:attachment":[{"href":"https:\/\/www.mikrotrgovina.hr\/en\/wp-json\/wp\/v2\/media?parent=270"}],"wp:term":[{"taxonomy":"product_brand","embeddable":true,"href":"https:\/\/www.mikrotrgovina.hr\/en\/wp-json\/wp\/v2\/product_brand?post=270"},{"taxonomy":"product_cat","embeddable":true,"href":"https:\/\/www.mikrotrgovina.hr\/en\/wp-json\/wp\/v2\/product_cat?post=270"},{"taxonomy":"product_tag","embeddable":true,"href":"https:\/\/www.mikrotrgovina.hr\/en\/wp-json\/wp\/v2\/product_tag?post=270"}],"curies":[{"name":"wp","href":"https:\/\/api.w.org\/{rel}","templated":true}]}}