{"id":249,"date":"2022-11-08T13:09:26","date_gmt":"2022-11-08T13:09:26","guid":{"rendered":"https:\/\/www.mikrotrgovina.hr\/?post_type=product&#038;p=249"},"modified":"2026-04-08T11:19:15","modified_gmt":"2026-04-08T11:19:15","slug":"pap-kosarice-za-muffine-tulica-4","status":"publish","type":"product","link":"https:\/\/www.mikrotrgovina.hr\/en\/proizvodi\/pap-kosarice-za-muffine-tulica-4\/","title":{"rendered":"PAPIRNATE KO\u0160ARICE za MUFFINE TULICAP bijele 5&#215;8,5 cm 200\/1"},"content":{"rendered":"<p>GASTRO PAP.KO\u0160ARICE\u00a0za MUFFINE TULICAP\u00a0bijele 5&#215;8,5 cm 200\/1<br \/>\nElegantni oblici i prakti\u010dni materijali za pe\u010denje u pe\u0107nici<br \/>\nProizvod je u skladu s va\u017ee\u0107im propisima o prikladnosti za kontakt s hranom, zajedno s certifikatom, tehni\u010dkim podacima i sljedivosti<br \/>\nJedno pakiranje sadr\u017ei 200 kom<\/p>\n<p>*slike su informativnog karaktera te ne moraju u potpunosti odgovarati stvarnom izgledu proizvoda<\/p>","protected":false},"excerpt":{"rendered":"<p>GASTRO PAP.KO\u0160ARICE\u00a0za MUFFINE TULICAP\u00a0bijele 5&#215;8,5 cm 200\/1 Elegantni oblici i prakti\u010dni materijali za pe\u010denje u pe\u0107nici Proizvod je u skladu s va\u017ee\u0107im propisima o prikladnosti za kontakt s hranom, zajedno s certifikatom, tehni\u010dkim podacima i sljedivosti Jedno pakiranje sadr\u017ei 200 kom *slike su informativnog karaktera te ne moraju u potpunosti odgovarati stvarnom izgledu proizvoda<\/p>","protected":false},"featured_media":2336,"comment_status":"open","ping_status":"closed","template":"","meta":{"_sitemap_exclude":false,"_sitemap_priority":"","_sitemap_frequency":""},"product_brand":[],"product_cat":[19],"product_tag":[],"class_list":{"0":"post-249","1":"product","2":"type-product","3":"status-publish","4":"has-post-thumbnail","6":"product_cat-ambalaza-za-torte-i-kolace","8":"first","9":"instock","10":"taxable","11":"shipping-taxable","12":"purchasable","13":"product-type-simple"},"_links":{"self":[{"href":"https:\/\/www.mikrotrgovina.hr\/en\/wp-json\/wp\/v2\/product\/249","targetHints":{"allow":["GET"]}}],"collection":[{"href":"https:\/\/www.mikrotrgovina.hr\/en\/wp-json\/wp\/v2\/product"}],"about":[{"href":"https:\/\/www.mikrotrgovina.hr\/en\/wp-json\/wp\/v2\/types\/product"}],"replies":[{"embeddable":true,"href":"https:\/\/www.mikrotrgovina.hr\/en\/wp-json\/wp\/v2\/comments?post=249"}],"wp:featuredmedia":[{"embeddable":true,"href":"https:\/\/www.mikrotrgovina.hr\/en\/wp-json\/wp\/v2\/media\/2336"}],"wp:attachment":[{"href":"https:\/\/www.mikrotrgovina.hr\/en\/wp-json\/wp\/v2\/media?parent=249"}],"wp:term":[{"taxonomy":"product_brand","embeddable":true,"href":"https:\/\/www.mikrotrgovina.hr\/en\/wp-json\/wp\/v2\/product_brand?post=249"},{"taxonomy":"product_cat","embeddable":true,"href":"https:\/\/www.mikrotrgovina.hr\/en\/wp-json\/wp\/v2\/product_cat?post=249"},{"taxonomy":"product_tag","embeddable":true,"href":"https:\/\/www.mikrotrgovina.hr\/en\/wp-json\/wp\/v2\/product_tag?post=249"}],"curies":[{"name":"wp","href":"https:\/\/api.w.org\/{rel}","templated":true}]}}