{"id":244,"date":"2022-10-05T10:48:38","date_gmt":"2022-10-05T10:48:38","guid":{"rendered":"https:\/\/www.mikrotrgovina.hr\/?post_type=product&#038;p=244"},"modified":"2025-12-11T09:12:14","modified_gmt":"2025-12-11T09:12:14","slug":"papirnati-kalup-za-muffine-24","status":"publish","type":"product","link":"https:\/\/www.mikrotrgovina.hr\/en\/proizvodi\/papirnati-kalup-za-muffine-24\/","title":{"rendered":"PAPIRNATI KALUP za MUFFINE 24 kom 1\/1"},"content":{"rendered":"<p>GASTRO PAPIRNATI KALUP\u00a0za MUFFINE 24 KOM 1\/1<br \/>\nOtporni su na masno\u0107u i izra\u0111eni od materijala pogodnog za visoke temperature<br \/>\nPerforacija im omogu\u0107ava lako odvajanje jednog od drugog<\/p>\n<p>*slike su informativnog karaktera te ne moraju u potpunosti odgovarati stvarnom izgledu proizvoda<\/p>","protected":false},"excerpt":{"rendered":"<p>GASTRO PAPIRNATI KALUP\u00a0za MUFFINE 24 KOM 1\/1 Otporni su na masno\u0107u i izra\u0111eni od materijala pogodnog za visoke temperature Perforacija im omogu\u0107ava lako odvajanje jednog od drugog *slike su informativnog karaktera te ne moraju u potpunosti odgovarati stvarnom izgledu proizvoda<\/p>","protected":false},"featured_media":2337,"comment_status":"open","ping_status":"closed","template":"","meta":{"_sitemap_exclude":false,"_sitemap_priority":"","_sitemap_frequency":""},"product_brand":[],"product_cat":[19],"product_tag":[],"class_list":{"0":"post-244","1":"product","2":"type-product","3":"status-publish","4":"has-post-thumbnail","6":"product_cat-ambalaza-za-torte-i-kolace","8":"first","9":"instock","10":"taxable","11":"shipping-taxable","12":"purchasable","13":"product-type-simple"},"_links":{"self":[{"href":"https:\/\/www.mikrotrgovina.hr\/en\/wp-json\/wp\/v2\/product\/244","targetHints":{"allow":["GET"]}}],"collection":[{"href":"https:\/\/www.mikrotrgovina.hr\/en\/wp-json\/wp\/v2\/product"}],"about":[{"href":"https:\/\/www.mikrotrgovina.hr\/en\/wp-json\/wp\/v2\/types\/product"}],"replies":[{"embeddable":true,"href":"https:\/\/www.mikrotrgovina.hr\/en\/wp-json\/wp\/v2\/comments?post=244"}],"wp:featuredmedia":[{"embeddable":true,"href":"https:\/\/www.mikrotrgovina.hr\/en\/wp-json\/wp\/v2\/media\/2337"}],"wp:attachment":[{"href":"https:\/\/www.mikrotrgovina.hr\/en\/wp-json\/wp\/v2\/media?parent=244"}],"wp:term":[{"taxonomy":"product_brand","embeddable":true,"href":"https:\/\/www.mikrotrgovina.hr\/en\/wp-json\/wp\/v2\/product_brand?post=244"},{"taxonomy":"product_cat","embeddable":true,"href":"https:\/\/www.mikrotrgovina.hr\/en\/wp-json\/wp\/v2\/product_cat?post=244"},{"taxonomy":"product_tag","embeddable":true,"href":"https:\/\/www.mikrotrgovina.hr\/en\/wp-json\/wp\/v2\/product_tag?post=244"}],"curies":[{"name":"wp","href":"https:\/\/api.w.org\/{rel}","templated":true}]}}