{"id":2425,"date":"2026-05-14T10:25:30","date_gmt":"2026-05-14T10:25:30","guid":{"rendered":"https:\/\/www.mikrotrgovina.hr\/?post_type=product&#038;p=2425"},"modified":"2026-05-14T10:25:31","modified_gmt":"2026-05-14T10:25:31","slug":"deser-casica-150ml-s-pok-100-1","status":"publish","type":"product","link":"https:\/\/www.mikrotrgovina.hr\/en\/proizvodi\/deser-casica-150ml-s-pok-100-1\/","title":{"rendered":"Desertna \u010da\u0161ica 150ml s poklopcem 100\/1"},"content":{"rendered":"<p>Desertna \u010da\u0161ica 150ml s poklopcem 100\/1<\/p>\n<p>Jedno pakiranje sadr\u017ei 100 kom \u010da\u0161ica i 100 kom poklopaca<\/p>","protected":false},"excerpt":{"rendered":"<p>Desertna \u010da\u0161ica 150ml s poklopcem 100\/1 Jedno pakiranje sadr\u017ei 100 kom \u010da\u0161ica i 100 kom poklopaca<\/p>","protected":false},"featured_media":2442,"comment_status":"open","ping_status":"closed","template":"","meta":{"_sitemap_exclude":false,"_sitemap_priority":"","_sitemap_frequency":""},"product_brand":[],"product_cat":[21],"product_tag":[],"class_list":{"0":"post-2425","1":"product","2":"type-product","3":"status-publish","4":"has-post-thumbnail","6":"product_cat-finger-food","8":"first","9":"instock","10":"taxable","11":"shipping-taxable","12":"purchasable","13":"product-type-simple"},"_links":{"self":[{"href":"https:\/\/www.mikrotrgovina.hr\/en\/wp-json\/wp\/v2\/product\/2425","targetHints":{"allow":["GET"]}}],"collection":[{"href":"https:\/\/www.mikrotrgovina.hr\/en\/wp-json\/wp\/v2\/product"}],"about":[{"href":"https:\/\/www.mikrotrgovina.hr\/en\/wp-json\/wp\/v2\/types\/product"}],"replies":[{"embeddable":true,"href":"https:\/\/www.mikrotrgovina.hr\/en\/wp-json\/wp\/v2\/comments?post=2425"}],"wp:featuredmedia":[{"embeddable":true,"href":"https:\/\/www.mikrotrgovina.hr\/en\/wp-json\/wp\/v2\/media\/2442"}],"wp:attachment":[{"href":"https:\/\/www.mikrotrgovina.hr\/en\/wp-json\/wp\/v2\/media?parent=2425"}],"wp:term":[{"taxonomy":"product_brand","embeddable":true,"href":"https:\/\/www.mikrotrgovina.hr\/en\/wp-json\/wp\/v2\/product_brand?post=2425"},{"taxonomy":"product_cat","embeddable":true,"href":"https:\/\/www.mikrotrgovina.hr\/en\/wp-json\/wp\/v2\/product_cat?post=2425"},{"taxonomy":"product_tag","embeddable":true,"href":"https:\/\/www.mikrotrgovina.hr\/en\/wp-json\/wp\/v2\/product_tag?post=2425"}],"curies":[{"name":"wp","href":"https:\/\/api.w.org\/{rel}","templated":true}]}}