{"id":2388,"date":"2026-03-24T14:19:47","date_gmt":"2026-03-24T14:19:47","guid":{"rendered":"https:\/\/www.mikrotrgovina.hr\/?post_type=product&#038;p=2388"},"modified":"2026-04-08T07:44:50","modified_gmt":"2026-04-08T07:44:50","slug":"podlozak-kart-za-rolat-15x40","status":"publish","type":"product","link":"https:\/\/www.mikrotrgovina.hr\/en\/proizvodi\/podlozak-kart-za-rolat-15x40\/","title":{"rendered":"PODLO\u017dAK KART. za ROLAT 15&#215;40 cm 1\/1"},"content":{"rendered":"<p>PODLO\u017dAK KARTONSKI za ROLAT 15&#215;40 cm 1\/1<\/p>\n<p>Podlo\u017eak sa zlatnom i crnom ili sivom stranom ima dvostruku osobnost koja se prilago\u0111ava svakom ukusu i situaciji<br \/>\nIznimno otporan i prakti\u010dan<br \/>\nProizvod je u skladu s va\u017ee\u0107im propisima o prikladnosti za direktan kontakt s hranom, zajedno s certifikatom, tehni\u010dkim podacima i sljedivosti<\/p>\n<p>*slike su informativnog karaktera te ne moraju u potpunosti odgovarati stvarnom izgledu proizvoda<\/p>","protected":false},"excerpt":{"rendered":"<p>PODLO\u017dAK KARTONSKI za ROLAT 15&#215;40 cm 1\/1 Podlo\u017eak sa zlatnom i crnom ili sivom stranom ima dvostruku osobnost koja se prilago\u0111ava svakom ukusu i situaciji Iznimno otporan i prakti\u010dan Proizvod je u skladu s va\u017ee\u0107im propisima o prikladnosti za direktan kontakt s hranom, zajedno s certifikatom, tehni\u010dkim podacima i sljedivosti *slike su informativnog karaktera te [&hellip;]<\/p>","protected":false},"featured_media":2391,"comment_status":"open","ping_status":"closed","template":"","meta":{"_sitemap_exclude":false,"_sitemap_priority":"","_sitemap_frequency":""},"product_brand":[],"product_cat":[40],"product_tag":[],"class_list":{"0":"post-2388","1":"product","2":"type-product","3":"status-publish","4":"has-post-thumbnail","6":"product_cat-kartonske-zlatne-tacne-i-podmetaci-za-torte-i-kolace","8":"first","9":"instock","10":"taxable","11":"shipping-taxable","12":"purchasable","13":"product-type-simple"},"_links":{"self":[{"href":"https:\/\/www.mikrotrgovina.hr\/en\/wp-json\/wp\/v2\/product\/2388","targetHints":{"allow":["GET"]}}],"collection":[{"href":"https:\/\/www.mikrotrgovina.hr\/en\/wp-json\/wp\/v2\/product"}],"about":[{"href":"https:\/\/www.mikrotrgovina.hr\/en\/wp-json\/wp\/v2\/types\/product"}],"replies":[{"embeddable":true,"href":"https:\/\/www.mikrotrgovina.hr\/en\/wp-json\/wp\/v2\/comments?post=2388"}],"wp:featuredmedia":[{"embeddable":true,"href":"https:\/\/www.mikrotrgovina.hr\/en\/wp-json\/wp\/v2\/media\/2391"}],"wp:attachment":[{"href":"https:\/\/www.mikrotrgovina.hr\/en\/wp-json\/wp\/v2\/media?parent=2388"}],"wp:term":[{"taxonomy":"product_brand","embeddable":true,"href":"https:\/\/www.mikrotrgovina.hr\/en\/wp-json\/wp\/v2\/product_brand?post=2388"},{"taxonomy":"product_cat","embeddable":true,"href":"https:\/\/www.mikrotrgovina.hr\/en\/wp-json\/wp\/v2\/product_cat?post=2388"},{"taxonomy":"product_tag","embeddable":true,"href":"https:\/\/www.mikrotrgovina.hr\/en\/wp-json\/wp\/v2\/product_tag?post=2388"}],"curies":[{"name":"wp","href":"https:\/\/api.w.org\/{rel}","templated":true}]}}