{"id":233,"date":"2022-07-18T19:30:38","date_gmt":"2022-07-18T19:30:38","guid":{"rendered":"https:\/\/www.mikrotrgovina.hr\/?post_type=product&#038;p=233"},"modified":"2025-10-13T07:01:12","modified_gmt":"2025-10-13T07:01:12","slug":"kart-kutija-za-tortu-bijela","status":"publish","type":"product","link":"https:\/\/www.mikrotrgovina.hr\/en\/proizvodi\/kart-kutija-za-tortu-bijela\/","title":{"rendered":"KARTONSKA KUTIJA za TORTU 33x33x10 cm 1\/1 BIJELA"},"content":{"rendered":"<p>GASTRO KART.KUTIJA\u00a0za TORTU\u00a0bijela 33x33x10 cm 1\/1<br \/>\nKutija je od sjajnog kartona vrhunske kvalitete<br \/>\nUnutarnji dio oblo\u017een je polietilenom za kontakt s hranom<br \/>\nProizvod je u skladu s va\u017ee\u0107im propisima za kontakt s hranom<br \/>\nOpremljen je rezultatima laboratorijskih analiza i tehni\u010dkim podacima<\/p>","protected":false},"excerpt":{"rendered":"<p>GASTRO KART.KUTIJA\u00a0za TORTU\u00a0bijela 33x33x10 cm 1\/1 Kutija je od sjajnog kartona vrhunske kvalitete Unutarnji dio oblo\u017een je polietilenom za kontakt s hranom Proizvod je u skladu s va\u017ee\u0107im propisima za kontakt s hranom Opremljen je rezultatima laboratorijskih analiza i tehni\u010dkim podacima<\/p>","protected":false},"featured_media":961,"comment_status":"open","ping_status":"closed","template":"","meta":{"_sitemap_exclude":false,"_sitemap_priority":"","_sitemap_frequency":""},"product_brand":[],"product_cat":[19,15],"product_tag":[],"class_list":{"0":"post-233","1":"product","2":"type-product","3":"status-publish","4":"has-post-thumbnail","6":"product_cat-ambalaza-za-torte-i-kolace","7":"product_cat-ambalaza-za-hranu-horeca","9":"first","10":"instock","11":"taxable","12":"shipping-taxable","13":"purchasable","14":"product-type-simple"},"_links":{"self":[{"href":"https:\/\/www.mikrotrgovina.hr\/en\/wp-json\/wp\/v2\/product\/233","targetHints":{"allow":["GET"]}}],"collection":[{"href":"https:\/\/www.mikrotrgovina.hr\/en\/wp-json\/wp\/v2\/product"}],"about":[{"href":"https:\/\/www.mikrotrgovina.hr\/en\/wp-json\/wp\/v2\/types\/product"}],"replies":[{"embeddable":true,"href":"https:\/\/www.mikrotrgovina.hr\/en\/wp-json\/wp\/v2\/comments?post=233"}],"wp:featuredmedia":[{"embeddable":true,"href":"https:\/\/www.mikrotrgovina.hr\/en\/wp-json\/wp\/v2\/media\/961"}],"wp:attachment":[{"href":"https:\/\/www.mikrotrgovina.hr\/en\/wp-json\/wp\/v2\/media?parent=233"}],"wp:term":[{"taxonomy":"product_brand","embeddable":true,"href":"https:\/\/www.mikrotrgovina.hr\/en\/wp-json\/wp\/v2\/product_brand?post=233"},{"taxonomy":"product_cat","embeddable":true,"href":"https:\/\/www.mikrotrgovina.hr\/en\/wp-json\/wp\/v2\/product_cat?post=233"},{"taxonomy":"product_tag","embeddable":true,"href":"https:\/\/www.mikrotrgovina.hr\/en\/wp-json\/wp\/v2\/product_tag?post=233"}],"curies":[{"name":"wp","href":"https:\/\/api.w.org\/{rel}","templated":true}]}}