{"id":232,"date":"2022-07-18T18:50:09","date_gmt":"2022-07-18T18:50:09","guid":{"rendered":"https:\/\/www.mikrotrgovina.hr\/?post_type=product&#038;p=232"},"modified":"2024-08-23T05:33:50","modified_gmt":"2024-08-23T05:33:50","slug":"kart-kutija-za-kolace-dvodijel-3","status":"publish","type":"product","link":"https:\/\/www.mikrotrgovina.hr\/en\/proizvodi\/kart-kutija-za-kolace-dvodijel-3\/","title":{"rendered":"KARTONSKA KUTIJA za KOLA\u010cE DVODIJELNA 22,5&#215;32,5&#215;8 cm 1\/1"},"content":{"rendered":"<p>GASTRO KART.KUTIJA\u00a0za KOLA\u010cE DVODIJELNA 22,5&#215;32,5&#215;8 cm 1\/1<br \/>\nOriginalan i profinjen na\u010din pakiranja peciva<br \/>\nPoklopac s vrpcom i bijelom ili zlatnom plastificiranom unutra\u0161njosti<br \/>\nBrzo me\u0111usobno zatvaranje<br \/>\nProizvod je u skladu s va\u017ee\u0107im propisima o prikladnosti za kontakt s hranom, zajedno s certifikatom, tehni\u010dkim podacima i sljedivosti<\/p>","protected":false},"excerpt":{"rendered":"<p>GASTRO KART.KUTIJA\u00a0za KOLA\u010cE DVODIJELNA 22,5&#215;32,5&#215;8 cm 1\/1 Originalan i profinjen na\u010din pakiranja peciva Poklopac s vrpcom i bijelom ili zlatnom plastificiranom unutra\u0161njosti Brzo me\u0111usobno zatvaranje Proizvod je u skladu s va\u017ee\u0107im propisima o prikladnosti za kontakt s hranom, zajedno s certifikatom, tehni\u010dkim podacima i sljedivosti<\/p>","protected":false},"featured_media":967,"comment_status":"open","ping_status":"closed","template":"","meta":{"_sitemap_exclude":false,"_sitemap_priority":"","_sitemap_frequency":""},"product_brand":[],"product_cat":[19,15],"product_tag":[],"class_list":{"0":"post-232","1":"product","2":"type-product","3":"status-publish","4":"has-post-thumbnail","6":"product_cat-ambalaza-za-torte-i-kolace","7":"product_cat-ambalaza-za-hranu-horeca","9":"first","10":"instock","11":"taxable","12":"shipping-taxable","13":"purchasable","14":"product-type-simple"},"_links":{"self":[{"href":"https:\/\/www.mikrotrgovina.hr\/en\/wp-json\/wp\/v2\/product\/232","targetHints":{"allow":["GET"]}}],"collection":[{"href":"https:\/\/www.mikrotrgovina.hr\/en\/wp-json\/wp\/v2\/product"}],"about":[{"href":"https:\/\/www.mikrotrgovina.hr\/en\/wp-json\/wp\/v2\/types\/product"}],"replies":[{"embeddable":true,"href":"https:\/\/www.mikrotrgovina.hr\/en\/wp-json\/wp\/v2\/comments?post=232"}],"wp:featuredmedia":[{"embeddable":true,"href":"https:\/\/www.mikrotrgovina.hr\/en\/wp-json\/wp\/v2\/media\/967"}],"wp:attachment":[{"href":"https:\/\/www.mikrotrgovina.hr\/en\/wp-json\/wp\/v2\/media?parent=232"}],"wp:term":[{"taxonomy":"product_brand","embeddable":true,"href":"https:\/\/www.mikrotrgovina.hr\/en\/wp-json\/wp\/v2\/product_brand?post=232"},{"taxonomy":"product_cat","embeddable":true,"href":"https:\/\/www.mikrotrgovina.hr\/en\/wp-json\/wp\/v2\/product_cat?post=232"},{"taxonomy":"product_tag","embeddable":true,"href":"https:\/\/www.mikrotrgovina.hr\/en\/wp-json\/wp\/v2\/product_tag?post=232"}],"curies":[{"name":"wp","href":"https:\/\/api.w.org\/{rel}","templated":true}]}}