{"id":231,"date":"2022-07-18T18:49:35","date_gmt":"2022-07-18T18:49:35","guid":{"rendered":"https:\/\/www.mikrotrgovina.hr\/?post_type=product&#038;p=231"},"modified":"2024-08-23T06:17:46","modified_gmt":"2024-08-23T06:17:46","slug":"kart-kutija-za-kolace-dvodijel-2","status":"publish","type":"product","link":"https:\/\/www.mikrotrgovina.hr\/en\/proizvodi\/kart-kutija-za-kolace-dvodijel-2\/","title":{"rendered":"KARTONSKA KUTIJA za KOLA\u010cE DVODIJELNA 18x26x9 cm 1\/1"},"content":{"rendered":"<p>GASTRO KART.KUTIJA\u00a0za KOLA\u010cE DVODIJELNA 18x26x9 cm 1\/1<br \/>\nOriginalan i profinjen na\u010din pakiranja peciva<br \/>\nPoklopac s vrpcom i bijelom ili zlatnom plastificiranom unutra\u0161njosti<br \/>\nBrzo me\u0111usobno zatvaranje<br \/>\nProizvod je u skladu s va\u017ee\u0107im propisima o prikladnosti za kontakt s hranom, zajedno s certifikatom, tehni\u010dkim podacima i sljedivosti<\/p>","protected":false},"excerpt":{"rendered":"<p>GASTRO KART.KUTIJA\u00a0za KOLA\u010cE DVODIJELNA 18x26x9 cm 1\/1 Originalan i profinjen na\u010din pakiranja peciva Poklopac s vrpcom i bijelom ili zlatnom plastificiranom unutra\u0161njosti Brzo me\u0111usobno zatvaranje Proizvod je u skladu s va\u017ee\u0107im propisima o prikladnosti za kontakt s hranom, zajedno s certifikatom, tehni\u010dkim podacima i sljedivosti<\/p>","protected":false},"featured_media":965,"comment_status":"open","ping_status":"closed","template":"","meta":{"_sitemap_exclude":false,"_sitemap_priority":"","_sitemap_frequency":""},"product_brand":[],"product_cat":[19,15],"product_tag":[],"class_list":{"0":"post-231","1":"product","2":"type-product","3":"status-publish","4":"has-post-thumbnail","6":"product_cat-ambalaza-za-torte-i-kolace","7":"product_cat-ambalaza-za-hranu-horeca","9":"first","10":"instock","11":"taxable","12":"shipping-taxable","13":"purchasable","14":"product-type-simple"},"_links":{"self":[{"href":"https:\/\/www.mikrotrgovina.hr\/en\/wp-json\/wp\/v2\/product\/231","targetHints":{"allow":["GET"]}}],"collection":[{"href":"https:\/\/www.mikrotrgovina.hr\/en\/wp-json\/wp\/v2\/product"}],"about":[{"href":"https:\/\/www.mikrotrgovina.hr\/en\/wp-json\/wp\/v2\/types\/product"}],"replies":[{"embeddable":true,"href":"https:\/\/www.mikrotrgovina.hr\/en\/wp-json\/wp\/v2\/comments?post=231"}],"wp:featuredmedia":[{"embeddable":true,"href":"https:\/\/www.mikrotrgovina.hr\/en\/wp-json\/wp\/v2\/media\/965"}],"wp:attachment":[{"href":"https:\/\/www.mikrotrgovina.hr\/en\/wp-json\/wp\/v2\/media?parent=231"}],"wp:term":[{"taxonomy":"product_brand","embeddable":true,"href":"https:\/\/www.mikrotrgovina.hr\/en\/wp-json\/wp\/v2\/product_brand?post=231"},{"taxonomy":"product_cat","embeddable":true,"href":"https:\/\/www.mikrotrgovina.hr\/en\/wp-json\/wp\/v2\/product_cat?post=231"},{"taxonomy":"product_tag","embeddable":true,"href":"https:\/\/www.mikrotrgovina.hr\/en\/wp-json\/wp\/v2\/product_tag?post=231"}],"curies":[{"name":"wp","href":"https:\/\/api.w.org\/{rel}","templated":true}]}}