{"id":230,"date":"2022-10-05T10:22:15","date_gmt":"2022-10-05T10:22:15","guid":{"rendered":"https:\/\/www.mikrotrgovina.hr\/?post_type=product&#038;p=230"},"modified":"2025-04-07T09:01:38","modified_gmt":"2025-04-07T09:01:38","slug":"pap-kosarice-fi-3-cm-2000-1","status":"publish","type":"product","link":"https:\/\/www.mikrotrgovina.hr\/en\/proizvodi\/pap-kosarice-fi-3-cm-2000-1\/","title":{"rendered":"PAPIRNATE KO\u0160ARICE fi 3 cm 2000\/1"},"content":{"rendered":"<p>GASTRO PAP. KO\u0160ARICE fi 3 cm 2000\/1<br \/>\nSLP AESY papir za hranu zatvorenijeg oblika sa savr\u0161eno okomitim rubovima koji jam\u010de izvrsnu otpornost na vlagu i toplinu<br \/>\nProizvod je u skladu s va\u017ee\u0107im standardima koji se odnose na izravan kontakt s hranom i kompletni su s certifikatom, tehni\u010dkim podacima i sljedivosti<br \/>\nJedno pakiranje sadr\u017ei 2000 kom<\/p>\n<p>*slike su informativnog karaktera te ne moraju u potpunosti odgovarati stvarnom izgledu proizvoda<\/p>","protected":false},"excerpt":{"rendered":"<p>GASTRO PAP. KO\u0160ARICE fi 3 cm 2000\/1 SLP AESY papir za hranu zatvorenijeg oblika sa savr\u0161eno okomitim rubovima koji jam\u010de izvrsnu otpornost na vlagu i toplinu Proizvod je u skladu s va\u017ee\u0107im standardima koji se odnose na izravan kontakt s hranom i kompletni su s certifikatom, tehni\u010dkim podacima i sljedivosti Jedno pakiranje sadr\u017ei 2000 kom [&hellip;]<\/p>","protected":false},"featured_media":957,"comment_status":"open","ping_status":"closed","template":"","meta":{"_sitemap_exclude":false,"_sitemap_priority":"","_sitemap_frequency":""},"product_brand":[],"product_cat":[19],"product_tag":[],"class_list":{"0":"post-230","1":"product","2":"type-product","3":"status-publish","4":"has-post-thumbnail","6":"product_cat-ambalaza-za-torte-i-kolace","8":"first","9":"instock","10":"taxable","11":"shipping-taxable","12":"purchasable","13":"product-type-simple"},"_links":{"self":[{"href":"https:\/\/www.mikrotrgovina.hr\/en\/wp-json\/wp\/v2\/product\/230","targetHints":{"allow":["GET"]}}],"collection":[{"href":"https:\/\/www.mikrotrgovina.hr\/en\/wp-json\/wp\/v2\/product"}],"about":[{"href":"https:\/\/www.mikrotrgovina.hr\/en\/wp-json\/wp\/v2\/types\/product"}],"replies":[{"embeddable":true,"href":"https:\/\/www.mikrotrgovina.hr\/en\/wp-json\/wp\/v2\/comments?post=230"}],"wp:featuredmedia":[{"embeddable":true,"href":"https:\/\/www.mikrotrgovina.hr\/en\/wp-json\/wp\/v2\/media\/957"}],"wp:attachment":[{"href":"https:\/\/www.mikrotrgovina.hr\/en\/wp-json\/wp\/v2\/media?parent=230"}],"wp:term":[{"taxonomy":"product_brand","embeddable":true,"href":"https:\/\/www.mikrotrgovina.hr\/en\/wp-json\/wp\/v2\/product_brand?post=230"},{"taxonomy":"product_cat","embeddable":true,"href":"https:\/\/www.mikrotrgovina.hr\/en\/wp-json\/wp\/v2\/product_cat?post=230"},{"taxonomy":"product_tag","embeddable":true,"href":"https:\/\/www.mikrotrgovina.hr\/en\/wp-json\/wp\/v2\/product_tag?post=230"}],"curies":[{"name":"wp","href":"https:\/\/api.w.org\/{rel}","templated":true}]}}