{"id":2240,"date":"2025-10-22T06:07:08","date_gmt":"2025-10-22T06:07:08","guid":{"rendered":"https:\/\/www.mikrotrgovina.hr\/?post_type=product&#038;p=2240"},"modified":"2026-01-10T18:08:45","modified_gmt":"2026-01-10T18:08:45","slug":"kart-kutija-s-proz-22x25x4","status":"publish","type":"product","link":"https:\/\/www.mikrotrgovina.hr\/en\/proizvodi\/kart-kutija-s-proz-22x25x4\/","title":{"rendered":"KART. KUTIJA s prozorom 22x25x4cm srce 1\/1 BIJELA"},"content":{"rendered":"<p>KARTONSKA KUTIJA s prozorom 22x25x4 cm  srce 1\/1 BIJELA<\/p>\n<p>Kutija je izra\u0111ena od visokokvalitetnog kartona kako bi osigurala \u010dvrsto\u0107u i za\u0161titu va\u0161ih proizvoda tijekom transporta i skladi\u0161tenja<br \/>\nKartonska kutija idealno je rje\u0161enje za poklone, tako\u0111er nudi prakti\u010dno i ekonomi\u010dno rje\u0161enje za transport raznih slastica<\/p>\n<p>*slike su informativnog karaktera te ne moraju u potpunosti odgovarati stvarnom izgledu proizvoda<\/p>","protected":false},"excerpt":{"rendered":"<p>KARTONSKA KUTIJA s prozorom 22x25x4 cm srce 1\/1 BIJELA Kutija je izra\u0111ena od visokokvalitetnog kartona kako bi osigurala \u010dvrsto\u0107u i za\u0161titu va\u0161ih proizvoda tijekom transporta i skladi\u0161tenja Kartonska kutija idealno je rje\u0161enje za poklone, tako\u0111er nudi prakti\u010dno i ekonomi\u010dno rje\u0161enje za transport raznih slastica *slike su informativnog karaktera te ne moraju u potpunosti odgovarati stvarnom [&hellip;]<\/p>","protected":false},"featured_media":2243,"comment_status":"open","ping_status":"closed","template":"","meta":{"_sitemap_exclude":false,"_sitemap_priority":"","_sitemap_frequency":""},"product_brand":[],"product_cat":[19],"product_tag":[],"class_list":{"0":"post-2240","1":"product","2":"type-product","3":"status-publish","4":"has-post-thumbnail","6":"product_cat-ambalaza-za-torte-i-kolace","8":"first","9":"instock","10":"taxable","11":"shipping-taxable","12":"purchasable","13":"product-type-simple"},"_links":{"self":[{"href":"https:\/\/www.mikrotrgovina.hr\/en\/wp-json\/wp\/v2\/product\/2240","targetHints":{"allow":["GET"]}}],"collection":[{"href":"https:\/\/www.mikrotrgovina.hr\/en\/wp-json\/wp\/v2\/product"}],"about":[{"href":"https:\/\/www.mikrotrgovina.hr\/en\/wp-json\/wp\/v2\/types\/product"}],"replies":[{"embeddable":true,"href":"https:\/\/www.mikrotrgovina.hr\/en\/wp-json\/wp\/v2\/comments?post=2240"}],"wp:featuredmedia":[{"embeddable":true,"href":"https:\/\/www.mikrotrgovina.hr\/en\/wp-json\/wp\/v2\/media\/2243"}],"wp:attachment":[{"href":"https:\/\/www.mikrotrgovina.hr\/en\/wp-json\/wp\/v2\/media?parent=2240"}],"wp:term":[{"taxonomy":"product_brand","embeddable":true,"href":"https:\/\/www.mikrotrgovina.hr\/en\/wp-json\/wp\/v2\/product_brand?post=2240"},{"taxonomy":"product_cat","embeddable":true,"href":"https:\/\/www.mikrotrgovina.hr\/en\/wp-json\/wp\/v2\/product_cat?post=2240"},{"taxonomy":"product_tag","embeddable":true,"href":"https:\/\/www.mikrotrgovina.hr\/en\/wp-json\/wp\/v2\/product_tag?post=2240"}],"curies":[{"name":"wp","href":"https:\/\/api.w.org\/{rel}","templated":true}]}}