{"id":223,"date":"2022-07-18T05:20:31","date_gmt":"2022-07-18T05:20:31","guid":{"rendered":"https:\/\/www.mikrotrgovina.hr\/?post_type=product&#038;p=223"},"modified":"2025-08-06T12:24:49","modified_gmt":"2025-08-06T12:24:49","slug":"eco-kut-za-salatu-550ml-128x12","status":"publish","type":"product","link":"https:\/\/www.mikrotrgovina.hr\/en\/proizvodi\/eco-kut-za-salatu-550ml-128x12\/","title":{"rendered":"ECO KUTIJA za SALATU 550ml 128x128x45 1\/1"},"content":{"rendered":"<p>ECO KUTIJA za SALATU 550ml 128x128x45 mm 1\/1<br \/>\nIdealno rje\u0161enje za pakiranje tople i hladne hrane<br \/>\nPrikladno za mikrovalnu pe\u0107nicu (bez poklopca)<br \/>\nOtporan na vodu(bez curenja)<br \/>\nProzirni poklopac za dobru vidljivost proizvoda<br \/>\nPosuda se isporu\u010duje sastavljena i spremna za upotrebu<br \/>\nSavr\u0161eno rje\u0161enje za restorane, fast food, catering&#8230;<\/p>\n<p>*slike su informativnog karaktera te ne moraju u potpunosti odgovarati stvarnom izgledu proizvoda<\/p>","protected":false},"excerpt":{"rendered":"<p>ECO KUTIJA za SALATU 550ml 128x128x45 mm 1\/1 Idealno rje\u0161enje za pakiranje tople i hladne hrane Prikladno za mikrovalnu pe\u0107nicu (bez poklopca) Otporan na vodu(bez curenja) Prozirni poklopac za dobru vidljivost proizvoda Posuda se isporu\u010duje sastavljena i spremna za upotrebu Savr\u0161eno rje\u0161enje za restorane, fast food, catering&#8230; *slike su informativnog karaktera te ne moraju u [&hellip;]<\/p>","protected":false},"featured_media":692,"comment_status":"open","ping_status":"closed","template":"","meta":{"_sitemap_exclude":false,"_sitemap_priority":"","_sitemap_frequency":""},"product_brand":[],"product_cat":[19,20],"product_tag":[],"class_list":{"0":"post-223","1":"product","2":"type-product","3":"status-publish","4":"has-post-thumbnail","6":"product_cat-ambalaza-za-torte-i-kolace","7":"product_cat-ambalaza-za-wok-juhe-salate","9":"first","10":"instock","11":"taxable","12":"shipping-taxable","13":"purchasable","14":"product-type-simple"},"_links":{"self":[{"href":"https:\/\/www.mikrotrgovina.hr\/en\/wp-json\/wp\/v2\/product\/223","targetHints":{"allow":["GET"]}}],"collection":[{"href":"https:\/\/www.mikrotrgovina.hr\/en\/wp-json\/wp\/v2\/product"}],"about":[{"href":"https:\/\/www.mikrotrgovina.hr\/en\/wp-json\/wp\/v2\/types\/product"}],"replies":[{"embeddable":true,"href":"https:\/\/www.mikrotrgovina.hr\/en\/wp-json\/wp\/v2\/comments?post=223"}],"wp:featuredmedia":[{"embeddable":true,"href":"https:\/\/www.mikrotrgovina.hr\/en\/wp-json\/wp\/v2\/media\/692"}],"wp:attachment":[{"href":"https:\/\/www.mikrotrgovina.hr\/en\/wp-json\/wp\/v2\/media?parent=223"}],"wp:term":[{"taxonomy":"product_brand","embeddable":true,"href":"https:\/\/www.mikrotrgovina.hr\/en\/wp-json\/wp\/v2\/product_brand?post=223"},{"taxonomy":"product_cat","embeddable":true,"href":"https:\/\/www.mikrotrgovina.hr\/en\/wp-json\/wp\/v2\/product_cat?post=223"},{"taxonomy":"product_tag","embeddable":true,"href":"https:\/\/www.mikrotrgovina.hr\/en\/wp-json\/wp\/v2\/product_tag?post=223"}],"curies":[{"name":"wp","href":"https:\/\/api.w.org\/{rel}","templated":true}]}}