{"id":2224,"date":"2025-10-22T05:43:07","date_gmt":"2025-10-22T05:43:07","guid":{"rendered":"https:\/\/www.mikrotrgovina.hr\/?post_type=product&#038;p=2224"},"modified":"2025-10-22T06:25:06","modified_gmt":"2025-10-22T06:25:06","slug":"girlanda-od-balona-baby-blue","status":"publish","type":"product","link":"https:\/\/www.mikrotrgovina.hr\/en\/proizvodi\/girlanda-od-balona-baby-blue\/","title":{"rendered":"GIRLANDA od BALONA  BABY BLUE 65\/1"},"content":{"rendered":"<p>GIRLANDA od BALONA BABY BLUE 65\/1<\/p>\n<p>Komplet za girlandu od balona uklju\u010duje:<br \/>\n30 balona \u2013 13 cm (5&#8243;)<br \/>\n30 balona \u2013 26 cm (10&#8243;)<br \/>\n5 balona \u2013 33 cm (13&#8243;)<br \/>\n1 vrpca za girlandu \u2013 3 metra<br \/>\nDimenzije gotove girlande: duljina 200 cm x \u0161irina 50 cm x visina 70 cm*<br \/>\nBoje: Plava\/nebesko plava<\/p>\n<p>Ovaj gotov komplet za izradu girlanda od balona za dje\u010dju proslavu omogu\u0107it \u0107e vam da jednostavno stvorite prekrasnu dekoraciju od balona<br \/>\nBaloni od girlande izvrsne su kvalitete, ne pucaju i lako se ve\u017eu zahvaljuju\u0107i dugim vrhovima<\/p>\n<p>*slike su informativnog karaktera te ne moraju u potpunosti odgovarati stvarnom izgledu proizvoda<\/p>","protected":false},"excerpt":{"rendered":"<p>GIRLANDA od BALONA BABY BLUE 65\/1 Komplet za girlandu od balona uklju\u010duje: 30 balona \u2013 13 cm (5&#8243;) 30 balona \u2013 26 cm (10&#8243;) 5 balona \u2013 33 cm (13&#8243;) 1 vrpca za girlandu \u2013 3 metra Dimenzije gotove girlande: duljina 200 cm x \u0161irina 50 cm x visina 70 cm* Boje: Plava\/nebesko plava Ovaj [&hellip;]<\/p>","protected":false},"featured_media":2230,"comment_status":"open","ping_status":"closed","template":"","meta":{"_sitemap_exclude":false,"_sitemap_priority":"","_sitemap_frequency":""},"product_brand":[],"product_cat":[32],"product_tag":[],"class_list":{"0":"post-2224","1":"product","2":"type-product","3":"status-publish","4":"has-post-thumbnail","6":"product_cat-party-program","8":"first","9":"instock","10":"taxable","11":"shipping-taxable","12":"purchasable","13":"product-type-simple"},"_links":{"self":[{"href":"https:\/\/www.mikrotrgovina.hr\/en\/wp-json\/wp\/v2\/product\/2224","targetHints":{"allow":["GET"]}}],"collection":[{"href":"https:\/\/www.mikrotrgovina.hr\/en\/wp-json\/wp\/v2\/product"}],"about":[{"href":"https:\/\/www.mikrotrgovina.hr\/en\/wp-json\/wp\/v2\/types\/product"}],"replies":[{"embeddable":true,"href":"https:\/\/www.mikrotrgovina.hr\/en\/wp-json\/wp\/v2\/comments?post=2224"}],"wp:featuredmedia":[{"embeddable":true,"href":"https:\/\/www.mikrotrgovina.hr\/en\/wp-json\/wp\/v2\/media\/2230"}],"wp:attachment":[{"href":"https:\/\/www.mikrotrgovina.hr\/en\/wp-json\/wp\/v2\/media?parent=2224"}],"wp:term":[{"taxonomy":"product_brand","embeddable":true,"href":"https:\/\/www.mikrotrgovina.hr\/en\/wp-json\/wp\/v2\/product_brand?post=2224"},{"taxonomy":"product_cat","embeddable":true,"href":"https:\/\/www.mikrotrgovina.hr\/en\/wp-json\/wp\/v2\/product_cat?post=2224"},{"taxonomy":"product_tag","embeddable":true,"href":"https:\/\/www.mikrotrgovina.hr\/en\/wp-json\/wp\/v2\/product_tag?post=2224"}],"curies":[{"name":"wp","href":"https:\/\/api.w.org\/{rel}","templated":true}]}}