{"id":2154,"date":"2025-09-03T07:46:01","date_gmt":"2025-09-03T07:46:01","guid":{"rendered":"https:\/\/www.mikrotrgovina.hr\/?post_type=product&#038;p=2154"},"modified":"2025-10-10T10:26:19","modified_gmt":"2025-10-10T10:26:19","slug":"kut-za-kolace-45x25-5x10cm","status":"publish","type":"product","link":"https:\/\/www.mikrotrgovina.hr\/en\/proizvodi\/kut-za-kolace-45x25-5x10cm\/","title":{"rendered":"Kut. za kola\u010de 45&#215;25.5x10cm 1\/1"},"content":{"rendered":"<p>Kutija za kola\u010de 45&#215;25.5&#215;10 cm PET zlatno dno+poklopac 1\/1<br \/>\nZlatne kutije za sigurno pakiranje slastica, kola\u010da itd.<br \/>\nIzra\u0111ene od visokokvalitetnog materijala, \u010dine\u0107i ih idealnim za slasti\u010darnice, restorane i catering<br \/>\nJedno pakiranje sadr\u017ei jedno zlatno dno i jedan poklopac u odgovaraju\u0107oj dimenziji<\/p>\n<p>*slike su informativnog karaktera te ne moraju u potpunosti odgovarati stvarnom izgledu proizvoda<\/p>","protected":false},"excerpt":{"rendered":"<p>Kutija za kola\u010de 45&#215;25.5&#215;10 cm PET zlatno dno+poklopac 1\/1 Zlatne kutije za sigurno pakiranje slastica, kola\u010da itd. Izra\u0111ene od visokokvalitetnog materijala, \u010dine\u0107i ih idealnim za slasti\u010darnice, restorane i catering Jedno pakiranje sadr\u017ei jedno zlatno dno i jedan poklopac u odgovaraju\u0107oj dimenziji *slike su informativnog karaktera te ne moraju u potpunosti odgovarati stvarnom izgledu proizvoda<\/p>","protected":false},"featured_media":2158,"comment_status":"open","ping_status":"closed","template":"","meta":{"_sitemap_exclude":false,"_sitemap_priority":"","_sitemap_frequency":""},"product_brand":[],"product_cat":[19,15],"product_tag":[],"class_list":{"0":"post-2154","1":"product","2":"type-product","3":"status-publish","4":"has-post-thumbnail","6":"product_cat-ambalaza-za-torte-i-kolace","7":"product_cat-ambalaza-za-hranu-horeca","9":"first","10":"instock","11":"taxable","12":"shipping-taxable","13":"purchasable","14":"product-type-simple"},"_links":{"self":[{"href":"https:\/\/www.mikrotrgovina.hr\/en\/wp-json\/wp\/v2\/product\/2154","targetHints":{"allow":["GET"]}}],"collection":[{"href":"https:\/\/www.mikrotrgovina.hr\/en\/wp-json\/wp\/v2\/product"}],"about":[{"href":"https:\/\/www.mikrotrgovina.hr\/en\/wp-json\/wp\/v2\/types\/product"}],"replies":[{"embeddable":true,"href":"https:\/\/www.mikrotrgovina.hr\/en\/wp-json\/wp\/v2\/comments?post=2154"}],"wp:featuredmedia":[{"embeddable":true,"href":"https:\/\/www.mikrotrgovina.hr\/en\/wp-json\/wp\/v2\/media\/2158"}],"wp:attachment":[{"href":"https:\/\/www.mikrotrgovina.hr\/en\/wp-json\/wp\/v2\/media?parent=2154"}],"wp:term":[{"taxonomy":"product_brand","embeddable":true,"href":"https:\/\/www.mikrotrgovina.hr\/en\/wp-json\/wp\/v2\/product_brand?post=2154"},{"taxonomy":"product_cat","embeddable":true,"href":"https:\/\/www.mikrotrgovina.hr\/en\/wp-json\/wp\/v2\/product_cat?post=2154"},{"taxonomy":"product_tag","embeddable":true,"href":"https:\/\/www.mikrotrgovina.hr\/en\/wp-json\/wp\/v2\/product_tag?post=2154"}],"curies":[{"name":"wp","href":"https:\/\/api.w.org\/{rel}","templated":true}]}}