{"id":2153,"date":"2025-09-03T08:00:19","date_gmt":"2025-09-03T08:00:19","guid":{"rendered":"https:\/\/www.mikrotrgovina.hr\/?post_type=product&#038;p=2153"},"modified":"2025-12-07T23:00:53","modified_gmt":"2025-12-07T23:00:53","slug":"kut-za-kolace-39-5x26-2x6-9cm","status":"publish","type":"product","link":"https:\/\/www.mikrotrgovina.hr\/en\/proizvodi\/kut-za-kolace-39-5x26-2x6-9cm\/","title":{"rendered":"Kutija za kola\u010de 39.5&#215;26.2&#215;6.9cm 1\/1"},"content":{"rendered":"<p>Kutija za kola\u010de 39.5&#215;26.2&#215;6.9 cm PET zlatno dno+poklopac 1\/1<br \/>\nZlatne kutije pru\u017eaju sigurno pakiranje za slastice, kola\u010de&#8230;<br \/>\nIzra\u0111ene su od visokokvalitetnog materijala, te su prilago\u0111ene  za male delicije i torte<br \/>\nJedno pakiranje sadr\u017ei jedno zlatno dno i poklopac odgovaraju\u0107e dimenzije<\/p>\n<p>*slike su informativnog karaktera te ne moraju u potpunosti odgovarati stvarnom izgledu proizvoda<\/p>","protected":false},"excerpt":{"rendered":"<p>Kutija za kola\u010de 39.5&#215;26.2&#215;6.9 cm PET zlatno dno+poklopac 1\/1 Zlatne kutije pru\u017eaju sigurno pakiranje za slastice, kola\u010de&#8230; Izra\u0111ene su od visokokvalitetnog materijala, te su prilago\u0111ene za male delicije i torte Jedno pakiranje sadr\u017ei jedno zlatno dno i poklopac odgovaraju\u0107e dimenzije *slike su informativnog karaktera te ne moraju u potpunosti odgovarati stvarnom izgledu proizvoda<\/p>","protected":false},"featured_media":2160,"comment_status":"open","ping_status":"closed","template":"","meta":{"_sitemap_exclude":false,"_sitemap_priority":"","_sitemap_frequency":""},"product_brand":[],"product_cat":[19,15],"product_tag":[],"class_list":{"0":"post-2153","1":"product","2":"type-product","3":"status-publish","4":"has-post-thumbnail","6":"product_cat-ambalaza-za-torte-i-kolace","7":"product_cat-ambalaza-za-hranu-horeca","9":"first","10":"instock","11":"taxable","12":"shipping-taxable","13":"purchasable","14":"product-type-simple"},"_links":{"self":[{"href":"https:\/\/www.mikrotrgovina.hr\/en\/wp-json\/wp\/v2\/product\/2153","targetHints":{"allow":["GET"]}}],"collection":[{"href":"https:\/\/www.mikrotrgovina.hr\/en\/wp-json\/wp\/v2\/product"}],"about":[{"href":"https:\/\/www.mikrotrgovina.hr\/en\/wp-json\/wp\/v2\/types\/product"}],"replies":[{"embeddable":true,"href":"https:\/\/www.mikrotrgovina.hr\/en\/wp-json\/wp\/v2\/comments?post=2153"}],"wp:featuredmedia":[{"embeddable":true,"href":"https:\/\/www.mikrotrgovina.hr\/en\/wp-json\/wp\/v2\/media\/2160"}],"wp:attachment":[{"href":"https:\/\/www.mikrotrgovina.hr\/en\/wp-json\/wp\/v2\/media?parent=2153"}],"wp:term":[{"taxonomy":"product_brand","embeddable":true,"href":"https:\/\/www.mikrotrgovina.hr\/en\/wp-json\/wp\/v2\/product_brand?post=2153"},{"taxonomy":"product_cat","embeddable":true,"href":"https:\/\/www.mikrotrgovina.hr\/en\/wp-json\/wp\/v2\/product_cat?post=2153"},{"taxonomy":"product_tag","embeddable":true,"href":"https:\/\/www.mikrotrgovina.hr\/en\/wp-json\/wp\/v2\/product_tag?post=2153"}],"curies":[{"name":"wp","href":"https:\/\/api.w.org\/{rel}","templated":true}]}}