{"id":2152,"date":"2025-09-03T08:11:35","date_gmt":"2025-09-03T08:11:35","guid":{"rendered":"https:\/\/www.mikrotrgovina.hr\/?post_type=product&#038;p=2152"},"modified":"2025-09-03T09:21:35","modified_gmt":"2025-09-03T09:21:35","slug":"kutija-za-tortu-300x180-mm-tr","status":"publish","type":"product","link":"https:\/\/www.mikrotrgovina.hr\/en\/proizvodi\/kutija-za-tortu-300x180-mm-tr\/","title":{"rendered":"KUTIJA za TORTU 300&#215;180 mm 1\/1 TRANSPARENT"},"content":{"rendered":"<p>KUTIJA za TORTU 300&#215;180 mm 1\/1 TRANSPARENT (crno dno)<br \/>\nTransparent kutija sa crnim dnom , odli\u010dna za prezentaciju , a ujedno zadr\u017eava svje\u017einu<br \/>\nDolazi rasklopljena (3 dijela), zbog lak\u0161eg skladi\u0161tenja, ali jednostavna za sklapanje <\/p>\n<p>*slike su informativnog karaktera te ne moraju u potpunosti odgovarati stvarnom izgledu proizvoda<\/p>","protected":false},"excerpt":{"rendered":"<p>KUTIJA za TORTU 300&#215;180 mm 1\/1 TRANSPARENT (crno dno) Transparent kutija sa crnim dnom , odli\u010dna za prezentaciju , a ujedno zadr\u017eava svje\u017einu Dolazi rasklopljena (3 dijela), zbog lak\u0161eg skladi\u0161tenja, ali jednostavna za sklapanje *slike su informativnog karaktera te ne moraju u potpunosti odgovarati stvarnom izgledu proizvoda<\/p>","protected":false},"featured_media":2410,"comment_status":"open","ping_status":"closed","template":"","meta":{"_sitemap_exclude":false,"_sitemap_priority":"","_sitemap_frequency":""},"product_brand":[],"product_cat":[19],"product_tag":[],"class_list":{"0":"post-2152","1":"product","2":"type-product","3":"status-publish","4":"has-post-thumbnail","6":"product_cat-ambalaza-za-torte-i-kolace","8":"first","9":"instock","10":"taxable","11":"shipping-taxable","12":"purchasable","13":"product-type-simple"},"_links":{"self":[{"href":"https:\/\/www.mikrotrgovina.hr\/en\/wp-json\/wp\/v2\/product\/2152","targetHints":{"allow":["GET"]}}],"collection":[{"href":"https:\/\/www.mikrotrgovina.hr\/en\/wp-json\/wp\/v2\/product"}],"about":[{"href":"https:\/\/www.mikrotrgovina.hr\/en\/wp-json\/wp\/v2\/types\/product"}],"replies":[{"embeddable":true,"href":"https:\/\/www.mikrotrgovina.hr\/en\/wp-json\/wp\/v2\/comments?post=2152"}],"wp:featuredmedia":[{"embeddable":true,"href":"https:\/\/www.mikrotrgovina.hr\/en\/wp-json\/wp\/v2\/media\/2410"}],"wp:attachment":[{"href":"https:\/\/www.mikrotrgovina.hr\/en\/wp-json\/wp\/v2\/media?parent=2152"}],"wp:term":[{"taxonomy":"product_brand","embeddable":true,"href":"https:\/\/www.mikrotrgovina.hr\/en\/wp-json\/wp\/v2\/product_brand?post=2152"},{"taxonomy":"product_cat","embeddable":true,"href":"https:\/\/www.mikrotrgovina.hr\/en\/wp-json\/wp\/v2\/product_cat?post=2152"},{"taxonomy":"product_tag","embeddable":true,"href":"https:\/\/www.mikrotrgovina.hr\/en\/wp-json\/wp\/v2\/product_tag?post=2152"}],"curies":[{"name":"wp","href":"https:\/\/api.w.org\/{rel}","templated":true}]}}