{"id":207,"date":"2022-11-08T13:10:43","date_gmt":"2022-11-08T13:10:43","guid":{"rendered":"https:\/\/www.mikrotrgovina.hr\/?post_type=product&#038;p=207"},"modified":"2025-12-19T15:37:16","modified_gmt":"2025-12-19T15:37:16","slug":"eco-kut-za-kolac-i-muff-250x10","status":"publish","type":"product","link":"https:\/\/www.mikrotrgovina.hr\/en\/proizvodi\/eco-kut-za-kolac-i-muff-250x10\/","title":{"rendered":"ECO KUTIJA za KOLA\u010cE i MUFFINE 250x100x100 1\/1"},"content":{"rendered":"<p>ECO KUTIJA za KOLA\u010cE i MUFFINE 250x100x100 mm 1\/1<br \/>\nIzra\u0111ena od odr\u017eivog kartona<br \/>\nIdealno za pekare<br \/>\nProizvod se isporu\u010duje ravan, potrebno je minimalno vrijeme za sastavljanje<\/p>\n<p>*slike su informativnog karaktera te ne moraju u potpunosti odgovarati stvarnom izgledu proizvoda<\/p>","protected":false},"excerpt":{"rendered":"<p>ECO KUTIJA za KOLA\u010cE i MUFFINE 250x100x100 mm 1\/1 Izra\u0111ena od odr\u017eivog kartona Idealno za pekare Proizvod se isporu\u010duje ravan, potrebno je minimalno vrijeme za sastavljanje *slike su informativnog karaktera te ne moraju u potpunosti odgovarati stvarnom izgledu proizvoda<\/p>","protected":false},"featured_media":995,"comment_status":"open","ping_status":"closed","template":"","meta":{"_sitemap_exclude":false,"_sitemap_priority":"","_sitemap_frequency":""},"product_brand":[],"product_cat":[19,15],"product_tag":[],"class_list":{"0":"post-207","1":"product","2":"type-product","3":"status-publish","4":"has-post-thumbnail","6":"product_cat-ambalaza-za-torte-i-kolace","7":"product_cat-ambalaza-za-hranu-horeca","9":"first","10":"instock","11":"sale","12":"taxable","13":"shipping-taxable","14":"purchasable","15":"product-type-simple"},"_links":{"self":[{"href":"https:\/\/www.mikrotrgovina.hr\/en\/wp-json\/wp\/v2\/product\/207","targetHints":{"allow":["GET"]}}],"collection":[{"href":"https:\/\/www.mikrotrgovina.hr\/en\/wp-json\/wp\/v2\/product"}],"about":[{"href":"https:\/\/www.mikrotrgovina.hr\/en\/wp-json\/wp\/v2\/types\/product"}],"replies":[{"embeddable":true,"href":"https:\/\/www.mikrotrgovina.hr\/en\/wp-json\/wp\/v2\/comments?post=207"}],"wp:featuredmedia":[{"embeddable":true,"href":"https:\/\/www.mikrotrgovina.hr\/en\/wp-json\/wp\/v2\/media\/995"}],"wp:attachment":[{"href":"https:\/\/www.mikrotrgovina.hr\/en\/wp-json\/wp\/v2\/media?parent=207"}],"wp:term":[{"taxonomy":"product_brand","embeddable":true,"href":"https:\/\/www.mikrotrgovina.hr\/en\/wp-json\/wp\/v2\/product_brand?post=207"},{"taxonomy":"product_cat","embeddable":true,"href":"https:\/\/www.mikrotrgovina.hr\/en\/wp-json\/wp\/v2\/product_cat?post=207"},{"taxonomy":"product_tag","embeddable":true,"href":"https:\/\/www.mikrotrgovina.hr\/en\/wp-json\/wp\/v2\/product_tag?post=207"}],"curies":[{"name":"wp","href":"https:\/\/api.w.org\/{rel}","templated":true}]}}