{"id":2063,"date":"2025-06-26T05:16:07","date_gmt":"2025-06-26T05:16:07","guid":{"rendered":"https:\/\/www.mikrotrgovina.hr\/?post_type=product&#038;p=2063"},"modified":"2025-07-30T12:03:22","modified_gmt":"2025-07-30T12:03:22","slug":"party-fontana-no-6","status":"publish","type":"product","link":"https:\/\/www.mikrotrgovina.hr\/en\/proizvodi\/party-fontana-no-6\/","title":{"rendered":"PARTY FONTANA No.6"},"content":{"rendered":"<p>PARTY FONTANA No. 6<br \/>\nParty fountain je jedinstveni paket koji sadr\u017ei fontanu koja stvara spektakularan vizualni do\u017eivljaj te brojku koja simbolizira va\u0161u posebnu priliku,<br \/>\nbilo da organizirate ro\u0111endan, proslavu godi\u0161njice ili neku drugu sve\u010danost<\/p>\n<p>Party fountain sadr\u017ei jednu fontanu i brojku 6 koja se mo\u017ee jednostavno kombinirati s drugim brojevima<br \/>\nTrajanje: 40 sec<br \/>\nKategorija: F1<\/p>\n<p>*slike su informativnog karaktera te ne moraju u potpunosti odgovarati stvarnom izgledu proizvoda<\/p>","protected":false},"excerpt":{"rendered":"<p>PARTY FONTANA No. 6 Party fountain je jedinstveni paket koji sadr\u017ei fontanu koja stvara spektakularan vizualni do\u017eivljaj te brojku koja simbolizira va\u0161u posebnu priliku, bilo da organizirate ro\u0111endan, proslavu godi\u0161njice ili neku drugu sve\u010danost Party fountain sadr\u017ei jednu fontanu i brojku 6 koja se mo\u017ee jednostavno kombinirati s drugim brojevima Trajanje: 40 sec Kategorija: F1 [&hellip;]<\/p>","protected":false},"featured_media":595,"comment_status":"open","ping_status":"closed","template":"","meta":{"_sitemap_exclude":false,"_sitemap_priority":"","_sitemap_frequency":""},"product_brand":[],"product_cat":[32],"product_tag":[],"class_list":{"0":"post-2063","1":"product","2":"type-product","3":"status-publish","4":"has-post-thumbnail","6":"product_cat-party-program","8":"first","9":"instock","10":"taxable","11":"shipping-taxable","12":"purchasable","13":"product-type-simple"},"_links":{"self":[{"href":"https:\/\/www.mikrotrgovina.hr\/en\/wp-json\/wp\/v2\/product\/2063","targetHints":{"allow":["GET"]}}],"collection":[{"href":"https:\/\/www.mikrotrgovina.hr\/en\/wp-json\/wp\/v2\/product"}],"about":[{"href":"https:\/\/www.mikrotrgovina.hr\/en\/wp-json\/wp\/v2\/types\/product"}],"replies":[{"embeddable":true,"href":"https:\/\/www.mikrotrgovina.hr\/en\/wp-json\/wp\/v2\/comments?post=2063"}],"wp:featuredmedia":[{"embeddable":true,"href":"https:\/\/www.mikrotrgovina.hr\/en\/wp-json\/wp\/v2\/media\/595"}],"wp:attachment":[{"href":"https:\/\/www.mikrotrgovina.hr\/en\/wp-json\/wp\/v2\/media?parent=2063"}],"wp:term":[{"taxonomy":"product_brand","embeddable":true,"href":"https:\/\/www.mikrotrgovina.hr\/en\/wp-json\/wp\/v2\/product_brand?post=2063"},{"taxonomy":"product_cat","embeddable":true,"href":"https:\/\/www.mikrotrgovina.hr\/en\/wp-json\/wp\/v2\/product_cat?post=2063"},{"taxonomy":"product_tag","embeddable":true,"href":"https:\/\/www.mikrotrgovina.hr\/en\/wp-json\/wp\/v2\/product_tag?post=2063"}],"curies":[{"name":"wp","href":"https:\/\/api.w.org\/{rel}","templated":true}]}}