{"id":2000,"date":"2025-07-23T11:40:56","date_gmt":"2025-07-23T11:40:56","guid":{"rendered":"https:\/\/www.mikrotrgovina.hr\/?post_type=product&#038;p=2000"},"modified":"2026-04-14T15:56:48","modified_gmt":"2026-04-14T15:56:48","slug":"kart-kut-39x21x85-1-1-natur","status":"publish","type":"product","link":"https:\/\/www.mikrotrgovina.hr\/en\/proizvodi\/kart-kut-39x21x85-1-1-natur\/","title":{"rendered":"KARTONSKA KUTIJA s prozorom 39x21x8,5 cm 1\/1 NATUR"},"content":{"rendered":"<p>KARTONSKA KUTIJA s prozorom 39x21x8.5 cm 1\/1 NATUR<br \/>\nSamoslo\u017eiva kartonska kutija, dolazi u vodoravnom izdanju, te ju je lako skladi\u0161titi, tako\u0111er i jednostavno slo\u017eiti<br \/>\nKutije su izra\u0111ene od visokokvalitetnog kartona koji osigurava \u010dvrsto\u0107u i pouzdanost pri transportu proizvoda<br \/>\nPogodne za recikla\u017eu<\/p>\n<p>*slike su informativnog karaktera te ne moraju u potpunosti odgovarati stvarnom izgledu proizvoda<\/p>","protected":false},"excerpt":{"rendered":"<p>KARTONSKA KUTIJA s prozorom 39x21x8.5 cm 1\/1 NATUR Samoslo\u017eiva kartonska kutija, dolazi u vodoravnom izdanju, te ju je lako skladi\u0161titi, tako\u0111er i jednostavno slo\u017eiti Kutije su izra\u0111ene od visokokvalitetnog kartona koji osigurava \u010dvrsto\u0107u i pouzdanost pri transportu proizvoda Pogodne za recikla\u017eu *slike su informativnog karaktera te ne moraju u potpunosti odgovarati stvarnom izgledu proizvoda<\/p>","protected":false},"featured_media":2001,"comment_status":"open","ping_status":"closed","template":"","meta":{"_sitemap_exclude":false,"_sitemap_priority":"","_sitemap_frequency":""},"product_brand":[],"product_cat":[19,15],"product_tag":[],"class_list":{"0":"post-2000","1":"product","2":"type-product","3":"status-publish","4":"has-post-thumbnail","6":"product_cat-ambalaza-za-torte-i-kolace","7":"product_cat-ambalaza-za-hranu-horeca","9":"first","10":"instock","11":"taxable","12":"shipping-taxable","13":"purchasable","14":"product-type-simple"},"_links":{"self":[{"href":"https:\/\/www.mikrotrgovina.hr\/en\/wp-json\/wp\/v2\/product\/2000","targetHints":{"allow":["GET"]}}],"collection":[{"href":"https:\/\/www.mikrotrgovina.hr\/en\/wp-json\/wp\/v2\/product"}],"about":[{"href":"https:\/\/www.mikrotrgovina.hr\/en\/wp-json\/wp\/v2\/types\/product"}],"replies":[{"embeddable":true,"href":"https:\/\/www.mikrotrgovina.hr\/en\/wp-json\/wp\/v2\/comments?post=2000"}],"wp:featuredmedia":[{"embeddable":true,"href":"https:\/\/www.mikrotrgovina.hr\/en\/wp-json\/wp\/v2\/media\/2001"}],"wp:attachment":[{"href":"https:\/\/www.mikrotrgovina.hr\/en\/wp-json\/wp\/v2\/media?parent=2000"}],"wp:term":[{"taxonomy":"product_brand","embeddable":true,"href":"https:\/\/www.mikrotrgovina.hr\/en\/wp-json\/wp\/v2\/product_brand?post=2000"},{"taxonomy":"product_cat","embeddable":true,"href":"https:\/\/www.mikrotrgovina.hr\/en\/wp-json\/wp\/v2\/product_cat?post=2000"},{"taxonomy":"product_tag","embeddable":true,"href":"https:\/\/www.mikrotrgovina.hr\/en\/wp-json\/wp\/v2\/product_tag?post=2000"}],"curies":[{"name":"wp","href":"https:\/\/api.w.org\/{rel}","templated":true}]}}