{"id":1903,"date":"2024-10-16T06:57:06","date_gmt":"2024-10-16T06:57:06","guid":{"rendered":"https:\/\/www.mikrotrgovina.hr\/?post_type=product&#038;p=1903"},"modified":"2024-10-16T07:20:48","modified_gmt":"2024-10-16T07:20:48","slug":"ugo-frappe-casa-400ml-50-1","status":"publish","type":"product","link":"https:\/\/www.mikrotrgovina.hr\/en\/proizvodi\/ugo-frappe-casa-400ml-50-1\/","title":{"rendered":"UGO FRAPPE \u010cA\u0160A 400ml 50\/1"},"content":{"rendered":"<p>UGO FRAPPE \u010cA\u0160A 400 ml 50\/1 14 oz<br \/>\nJedno pakiranje sadr\u017ei 50 kom<br \/>\nOva prozirna \u010da\u0161a izra\u0111ena je od kvalitetnog PET materijala<br \/>\n\u010ca\u0161a je zapremine 400 ml i savr\u0161ena je za serviranje osvje\u017eavaju\u0107ih napitaka poput smoothieja ili drugih hladnih pi\u0107a<\/p>\n<p>*slike su informativnog karaktera te ne moraju u potpunosti odgovarati stvarnom izgledu proizvoda<\/p>","protected":false},"excerpt":{"rendered":"<p>UGO FRAPPE \u010cA\u0160A 400 ml 50\/1 14 oz Jedno pakiranje sadr\u017ei 50 kom Ova prozirna \u010da\u0161a izra\u0111ena je od kvalitetnog PET materijala \u010ca\u0161a je zapremine 400 ml i savr\u0161ena je za serviranje osvje\u017eavaju\u0107ih napitaka poput smoothieja ili drugih hladnih pi\u0107a *slike su informativnog karaktera te ne moraju u potpunosti odgovarati stvarnom izgledu proizvoda<\/p>","protected":false},"featured_media":1905,"comment_status":"open","ping_status":"closed","template":"","meta":{"_sitemap_exclude":false,"_sitemap_priority":"","_sitemap_frequency":""},"product_brand":[],"product_cat":[36],"product_tag":[],"class_list":{"0":"post-1903","1":"product","2":"type-product","3":"status-publish","4":"has-post-thumbnail","6":"product_cat-plasticne-case","8":"first","9":"instock","10":"taxable","11":"shipping-taxable","12":"purchasable","13":"product-type-simple"},"_links":{"self":[{"href":"https:\/\/www.mikrotrgovina.hr\/en\/wp-json\/wp\/v2\/product\/1903","targetHints":{"allow":["GET"]}}],"collection":[{"href":"https:\/\/www.mikrotrgovina.hr\/en\/wp-json\/wp\/v2\/product"}],"about":[{"href":"https:\/\/www.mikrotrgovina.hr\/en\/wp-json\/wp\/v2\/types\/product"}],"replies":[{"embeddable":true,"href":"https:\/\/www.mikrotrgovina.hr\/en\/wp-json\/wp\/v2\/comments?post=1903"}],"wp:featuredmedia":[{"embeddable":true,"href":"https:\/\/www.mikrotrgovina.hr\/en\/wp-json\/wp\/v2\/media\/1905"}],"wp:attachment":[{"href":"https:\/\/www.mikrotrgovina.hr\/en\/wp-json\/wp\/v2\/media?parent=1903"}],"wp:term":[{"taxonomy":"product_brand","embeddable":true,"href":"https:\/\/www.mikrotrgovina.hr\/en\/wp-json\/wp\/v2\/product_brand?post=1903"},{"taxonomy":"product_cat","embeddable":true,"href":"https:\/\/www.mikrotrgovina.hr\/en\/wp-json\/wp\/v2\/product_cat?post=1903"},{"taxonomy":"product_tag","embeddable":true,"href":"https:\/\/www.mikrotrgovina.hr\/en\/wp-json\/wp\/v2\/product_tag?post=1903"}],"curies":[{"name":"wp","href":"https:\/\/api.w.org\/{rel}","templated":true}]}}